{"id":9,"date":"2018-03-21T19:45:14","date_gmt":"2018-03-21T18:45:14","guid":{"rendered":"http:\/\/neu.hundefreunde-erbach.com\/?page_id=9"},"modified":"2020-05-23T08:27:39","modified_gmt":"2020-05-23T07:27:39","slug":"unser-verein","status":"publish","type":"page","link":"http:\/\/www.hundefreunde-erbach.com\/?page_id=9","title":{"rendered":"Verein"},"content":{"rendered":"<p>Die\u00a0&#8222;Hundefreunde Erbach&#8220; sind ein eingetragener Verein (e.V.) und als gemeinn\u00fctzig anerkannt.<\/p>\n<p>Gegr\u00fcndet wurde unser Hundeverein bereits im Jahre\u00a01950, damals als &#8222;Verein f\u00fcr Schutz- und Gebrauchshunde&#8220; (VSG).<br \/>\nIm Jahr 2000 wurde er unbenannt in\u00a0&#8222;Hundefreunde Erbach e.V.&#8220;<br \/>\nDa als gemeinn\u00fctzig anerkannt und Dank der ehrenamtlichen Arbeit der \u00dcbungsleiter, des Vorstands und mit Mithilfe der Mitglieder, bietet der Verein seine\u00a0Leistungen im Vergleich zu kommerziellen Hundeschulen sehr kosteng\u00fcnstig an.<br \/>\nNeben der Basisausbildung Grundgehorsam f\u00fcr Anf\u00e4nger, \u00fcber Gehorsamstraining f\u00fcr Fortgeschrittene bis hin zu Team-Test und Begleithunden mit Pr\u00fcfungsabschluss, bieten wir auch Hundesport in den Bereichen Agility und Turnierhundsport (THS)\u00a0 an.<\/p>\n<p>Wir haben rund hundert Mitglieder aus der ganzen Region.<br \/>\nAuf unserem \u00dcbungsplatz sind Hunde aller Rassen und Gr\u00f6\u00dfen und nat\u00fcrlich auch Mischlinge willkommen. Voraussetzung sind eine g\u00fcltige Tollwutimpfung und eine Haftpflichtversicherung.<br \/>\nUnsere Mitglieder k\u00f6nnen an Hundesportturnieren und Wettk\u00e4mpfen teilnehmen, da der Verein dem\u00a0Hundesportverband Rhein-Main (HSVRM)\u00a0und dieser wiederum \u00fcber den Deutschen Hundesportverband (dhv) dem Verband f\u00fcr das Deutsche Hundewesen (VDH) angeschlossen ist.<\/p>\n<p><img decoding=\"async\" src=\"https:\/\/www.vdh.de\/fileadmin\/images\/logos\/vdh-logo-raute.svg\" alt=\"\" width=\"110\" \/><\/p>\n<p>&nbsp;<\/p>\n","protected":false},"excerpt":{"rendered":"<p>Die\u00a0&#8222;Hundefreunde Erbach&#8220; sind ein eingetragener Verein (e.V.) und als gemeinn\u00fctzig anerkannt. Gegr\u00fcndet wurde unser Hundeverein bereits im Jahre\u00a01950, damals als &#8222;Verein f\u00fcr Schutz- und Gebrauchshunde&#8220; (VSG). Im Jahr 2000 wurde er unbenannt in\u00a0&#8222;Hundefreunde Erbach e.V.&#8220; Da als gemeinn\u00fctzig anerkannt und Dank der ehrenamtlichen Arbeit der \u00dcbungsleiter, des Vorstands und mit Mithilfe der Mitglieder, bietet der &hellip; <\/p>\n<p class=\"link-more\"><a href=\"http:\/\/www.hundefreunde-erbach.com\/?page_id=9\" class=\"more-link\"><span class=\"screen-reader-text\">\u201eVerein\u201c<\/span> weiterlesen<\/a><\/p>\n","protected":false},"author":1,"featured_media":0,"parent":0,"menu_order":0,"comment_status":"closed","ping_status":"closed","template":"","meta":{"_bbp_topic_count":0,"_bbp_reply_count":0,"_bbp_total_topic_count":0,"_bbp_total_reply_count":0,"_bbp_voice_count":0,"_bbp_anonymous_reply_count":0,"_bbp_topic_count_hidden":0,"_bbp_reply_count_hidden":0,"_bbp_forum_subforum_count":0,"footnotes":""},"class_list":["post-9","page","type-page","status-publish","hentry"],"_links":{"self":[{"href":"http:\/\/www.hundefreunde-erbach.com\/index.php?rest_route=\/wp\/v2\/pages\/9","targetHints":{"allow":["GET"]}}],"collection":[{"href":"http:\/\/www.hundefreunde-erbach.com\/index.php?rest_route=\/wp\/v2\/pages"}],"about":[{"href":"http:\/\/www.hundefreunde-erbach.com\/index.php?rest_route=\/wp\/v2\/types\/page"}],"author":[{"embeddable":true,"href":"http:\/\/www.hundefreunde-erbach.com\/index.php?rest_route=\/wp\/v2\/users\/1"}],"replies":[{"embeddable":true,"href":"http:\/\/www.hundefreunde-erbach.com\/index.php?rest_route=%2Fwp%2Fv2%2Fcomments&post=9"}],"version-history":[{"count":10,"href":"http:\/\/www.hundefreunde-erbach.com\/index.php?rest_route=\/wp\/v2\/pages\/9\/revisions"}],"predecessor-version":[{"id":1223,"href":"http:\/\/www.hundefreunde-erbach.com\/index.php?rest_route=\/wp\/v2\/pages\/9\/revisions\/1223"}],"wp:attachment":[{"href":"http:\/\/www.hundefreunde-erbach.com\/index.php?rest_route=%2Fwp%2Fv2%2Fmedia&parent=9"}],"curies":[{"name":"wp","href":"https:\/\/api.w.org\/{rel}","templated":true}]}}