{"id":880,"date":"2018-12-07T15:40:53","date_gmt":"2018-12-07T14:40:53","guid":{"rendered":"http:\/\/www.hundefreunde-erbach.com\/?page_id=880"},"modified":"2018-12-07T15:40:53","modified_gmt":"2018-12-07T14:40:53","slug":"aktuell-zu-weihnachten-und-sylvester","status":"publish","type":"page","link":"http:\/\/www.hundefreunde-erbach.com\/?page_id=880","title":{"rendered":"Aktuell zu Weihnachten und Sylvester"},"content":{"rendered":"<p>Tipps der Bundestier\u00e4rztekammer f\u00fcr Tierhalter<br \/>\nGefahr erkannt \u2013 Gefahr gebannt<\/p>\n<p>So \u00fcberstehen Hund, Katze &amp; Co. Weihnachten und Jahreswechsel gesund<\/p>\n<p>Weihnachten w\u00fcnschen wir uns als entspannte und harmonische Zeit \u2013 wobei die meisten Menschen \u00fcber den Einkaufs-, Koch- und sonstigen Stress fast verzweifeln. Damit es nicht noch Kummer und Sorgen um das Haustier gibt, und der Heilige Abend f\u00fcr Hund, Katze und Co. nicht in der Notaufnahme des Tierarztes endet, hier einige Tipps von Prof. Dr. Theo Mantel, Pr\u00e4sident der Bundestier\u00e4rztekammer:<\/p>\n<p>Krankmachende Leckerbissen:<br \/>\n\u2022 Die Reste des Festbratens geh\u00f6ren nicht in den Futternapf! Das Fleisch ist h\u00e4ufig viel zu fett und stark gew\u00fcrzt, au\u00dferdem k\u00f6nnen gegarte G\u00e4nse- und Entenknochen splittern und zu inneren Verletzungen f\u00fchren oder Gr\u00e4ten vom Karpfen empfindliche Hunde- und Katzenm\u00e4gen schwer verletzen.<br \/>\n\u2022 Knochenreste am besten gleich in der Bio-M\u00fclltonne entsorgen \u2013 der verlockende Duft verleitete manchen vierbeinigen \u201eGourmet\u201c, den M\u00fclleimer zu pl\u00fcndern.<br \/>\n\u2022 Dunkle Schokolade ist ein Tabu: Je dunkler, das hei\u00dft kakaohaltiger die Schokolade, desto gr\u00f6\u00dfer auch der Theobromingehalt. Der mit dem Koffein verwandte Stoff kann von Hunden und Katzen nur sehr langsam abgebaut werden und wirkt auf sie \u00e4hnlich, wie eine \u00dcberdosis an Nikotin oder Koffein auf den Menschen.<br \/>\n\u2022 F\u00fcr Hunde und Katzen sind Rosinen giftig, gr\u00f6\u00dfere Mengen k\u00f6nnen zu Nierensch\u00e4den f\u00fchren. Stollen und anderes Weihnachtsgeb\u00e4ck, das die getrockneten Trauben enth\u00e4lt, stets au\u00dfer Reichweite von gierigen Hunde- und Katzenm\u00e4ulern aufbewahren!<br \/>\n\u2022 Ein Raclette-Essen ist gem\u00fctlich, f\u00fcr Stubenv\u00f6gel, die im gleichen Raum leben, aber gef\u00e4hrlich: Die beim Erhitzen der kleinen Teflonpf\u00e4nnchen freigesetzten D\u00e4mpfe sind f\u00fcr V\u00f6gel (im Gegensatz zu S\u00e4ugetieren) giftig.<\/p>\n<p>Verf\u00fchrerische Gefahrenquellen:<br \/>\n\u2022 Glitzernde, bewegliche Weihnachtsdekoration ist besonders f\u00fcr Katzen unwiderstehlich \u2013 Weihnachtskugeln verleiten zum Spielen, zerbrechen aber leicht und k\u00f6nnen so zur gef\u00e4hrlichen Gefahrenquelle werden; aber auch Hunde stibitzen gerne mal den Christbaumschmuck oder fressen Schoko-Anh\u00e4nger mitsamt Stanniolpapier und Befestigungsdraht. Darum (besonders junge) Hunde und Katzen nie unbeaufsichtigt mit dem Weihnachtsbaum lassen. Das gilt insbesondere, wenn der Baum mit echten Kerzen geschm\u00fcckt wird.<br \/>\n\u2022 Vorsicht mit Lametta und Engelshaar: es l\u00e4dt Katzen zum Spielen ein und kann beim Verschlucken zum Darmverschluss f\u00fchren, darum besser darauf verzichten.<\/p>\n<p>Giftige Bl\u00fctenpracht:<br \/>\n\u2022 Der sch\u00f6ne Weihnachtsstern produziert den klebrig-wei\u00dfen Giftstoff Euphorbin. Bei Hautkontakt kommt es zu Reizungen, beim Verschlucken durch Hunde oder Katzen zur Vergiftung mit Symptomen wie Kr\u00e4mpfen, Durchfall, L\u00e4hmungen und Herzrhythmusst\u00f6rungen.<br \/>\n\u2022 Die Stechpalme (Ilex) enth\u00e4lt in Bl\u00e4ttern und roten Beeren starke und in h\u00f6herer Konzentration sogar t\u00f6dliche Giftstoffe.<br \/>\n\u2022 Die Christrose ist wie alle Vertreter der Gattung Nieswurz in allen Pflanzenteilen stark giftig.<br \/>\n\u2022 Auch der dekorative Mistelzweig ist durch den Gehalt an Viscotoxin in Bl\u00e4ttern und St\u00e4ngeln f\u00fcr Pferde, Hunde, Katzen und Heimtiere giftig.<\/p>\n<p>Verst\u00f6rende Silvesternacht:<br \/>\n\u2022 F\u00fcr Wild- und Haustiere ist die Silvesternacht der pure Horror: Besonders Hunde und Katzen stehen schon Tage vorher unter Dauerstress, versuchen zu fliehen oder wollen keinen Fu\u00df vor die T\u00fcr setzen. Hunde darum mit Beginn der Knallerei nicht mehr von der Leine lassen, denn eine pl\u00f6tzlich gez\u00fcndete Rakete kann das Tier so erschrecken, dass es nur noch um sein Leben und im schlimmsten Fall vor ein Auto rennt.<br \/>\n\u2022 Auch Katzen, die Freigang gewohnt sind, in der Silvesternacht im Haus lassen! Das Risiko, dass das Tier in Panik flieht oder sich ver\u00e4ngstigt tagelang verkriecht, ist hoch.<br \/>\n\u2022 Sind Hund, Katze oder Wellensittich zum Jahreswechsel allein zu Haus, die Tiere unbedingt im ruhigsten Raum der Wohnung unterbringen! Geschlossene Fenster und zugezogene Vorh\u00e4nge, brennende Lampen und gewohnte Kl\u00e4nge wie Radiomusik oder der laufende Fernseher erleichtern das Alleinsein. Idealerweise sollten aber besonders Hunde in der Silvesternacht nicht einsam in der Wohnung zur\u00fcckbleiben!<br \/>\n\u2022 Dem Tier R\u00fcckzugsm\u00f6glichkeit bieten: Das kann f\u00fcr die Katzen ein offener Schrank sein; Hunde, Katzen oder Kaninchen verkriechen sich gern unter dem Bett oder fl\u00fcchten in eine ruhige Kammer; Stubenv\u00f6gel erschrecken weniger, wenn der K\u00e4fig mit einem Tuch abgedeckt wird.<br \/>\n\u2022 Achtung: Ein Zuviel an Trost und Zuspruch verst\u00e4rkt bei manchen Hunden und auch Katzen die Angst. Darum besser ruhig bleiben und durch die eigenen \u201eCoolness\u201c dem Tier Selbstvertrauen geben oder versuchen, den Angsthasen abzulenken. Katzen am besten ganz in Ruhe lassen und ihnen R\u00fcckzugsm\u00f6glichkeiten geben.<br \/>\n\u2022 Bei sehr \u00e4ngstlichen Hunden und Katzen rechtzeitig einen Tierarzt konsultieren. Er kann den Tieren, wenn n\u00f6tig, durch die Gabe beruhigender Medikamente das \u201eLeben\u201c in der Silvesternacht erleichtern.<\/p>\n<p>&nbsp;<\/p>\n<p>Presseinformation Nr. 28\/2013 vom 17.12.2013<\/p>\n<p>BUNDESTIER\u00c4RZTEKAMMER<br \/>\nArbeitsgemeinschaft der Deutschen Tier\u00e4rztekammern e.V. Franz\u00f6sische Str. 53, 10117 Berlin Presse- und \u00d6ffentlichkeitsarbeit:<br \/>\nClaudia Pfister<br \/>\nTel. (030) 201 43 38 &#8211; 70, Fax &#8211; 88 presse@btkberlin.de<\/p>\n","protected":false},"excerpt":{"rendered":"<p>Tipps der Bundestier\u00e4rztekammer f\u00fcr Tierhalter Gefahr erkannt \u2013 Gefahr gebannt So \u00fcberstehen Hund, Katze &amp; Co. Weihnachten und Jahreswechsel gesund Weihnachten w\u00fcnschen wir uns als entspannte und harmonische Zeit \u2013 wobei die meisten Menschen \u00fcber den Einkaufs-, Koch- und sonstigen Stress fast verzweifeln. Damit es nicht noch Kummer und Sorgen um das Haustier gibt, und &hellip; <\/p>\n<p class=\"link-more\"><a href=\"http:\/\/www.hundefreunde-erbach.com\/?page_id=880\" class=\"more-link\"><span class=\"screen-reader-text\">\u201eAktuell zu Weihnachten und Sylvester\u201c<\/span> weiterlesen<\/a><\/p>\n","protected":false},"author":1,"featured_media":0,"parent":0,"menu_order":0,"comment_status":"closed","ping_status":"closed","template":"","meta":{"_bbp_topic_count":0,"_bbp_reply_count":0,"_bbp_total_topic_count":0,"_bbp_total_reply_count":0,"_bbp_voice_count":0,"_bbp_anonymous_reply_count":0,"_bbp_topic_count_hidden":0,"_bbp_reply_count_hidden":0,"_bbp_forum_subforum_count":0,"footnotes":""},"class_list":["post-880","page","type-page","status-publish","hentry"],"_links":{"self":[{"href":"http:\/\/www.hundefreunde-erbach.com\/index.php?rest_route=\/wp\/v2\/pages\/880","targetHints":{"allow":["GET"]}}],"collection":[{"href":"http:\/\/www.hundefreunde-erbach.com\/index.php?rest_route=\/wp\/v2\/pages"}],"about":[{"href":"http:\/\/www.hundefreunde-erbach.com\/index.php?rest_route=\/wp\/v2\/types\/page"}],"author":[{"embeddable":true,"href":"http:\/\/www.hundefreunde-erbach.com\/index.php?rest_route=\/wp\/v2\/users\/1"}],"replies":[{"embeddable":true,"href":"http:\/\/www.hundefreunde-erbach.com\/index.php?rest_route=%2Fwp%2Fv2%2Fcomments&post=880"}],"version-history":[{"count":2,"href":"http:\/\/www.hundefreunde-erbach.com\/index.php?rest_route=\/wp\/v2\/pages\/880\/revisions"}],"predecessor-version":[{"id":882,"href":"http:\/\/www.hundefreunde-erbach.com\/index.php?rest_route=\/wp\/v2\/pages\/880\/revisions\/882"}],"wp:attachment":[{"href":"http:\/\/www.hundefreunde-erbach.com\/index.php?rest_route=%2Fwp%2Fv2%2Fmedia&parent=880"}],"curies":[{"name":"wp","href":"https:\/\/api.w.org\/{rel}","templated":true}]}}