{"id":717,"date":"2018-06-16T09:56:11","date_gmt":"2018-06-16T08:56:11","guid":{"rendered":"http:\/\/www.hundefreunde-erbach.com\/?page_id=717"},"modified":"2018-06-16T09:56:11","modified_gmt":"2018-06-16T08:56:11","slug":"registrierung-als-neuer-benutzer","status":"publish","type":"page","link":"http:\/\/www.hundefreunde-erbach.com\/?page_id=717","title":{"rendered":"Registrierung als neuer Benutzer"},"content":{"rendered":"<p>Es freut uns, dass Du Dich f\u00fcr unsere Seite interessierst und aktiv an unserer Vereinsseite mitwirken m\u00f6chtest. Damit dies m\u00f6glich wird, gib uns bitte einige Daten damit wir, nach entsprechender Pr\u00fcfung einen Benutzer f\u00fcr Dich einrichten k\u00f6nnen.<\/p>\n<p>(Derzeit ist noch keine Neu-Registrierung m\u00f6glich)<\/p>\n<p><!-- [bbp-register]  --><\/p>\n","protected":false},"excerpt":{"rendered":"<p>Es freut uns, dass Du Dich f\u00fcr unsere Seite interessierst und aktiv an unserer Vereinsseite mitwirken m\u00f6chtest. Damit dies m\u00f6glich wird, gib uns bitte einige Daten damit wir, nach entsprechender Pr\u00fcfung einen Benutzer f\u00fcr Dich einrichten k\u00f6nnen. (Derzeit ist noch keine Neu-Registrierung m\u00f6glich)<\/p>\n","protected":false},"author":1,"featured_media":0,"parent":0,"menu_order":0,"comment_status":"closed","ping_status":"closed","template":"","meta":{"_bbp_topic_count":0,"_bbp_reply_count":0,"_bbp_total_topic_count":0,"_bbp_total_reply_count":0,"_bbp_voice_count":0,"_bbp_anonymous_reply_count":0,"_bbp_topic_count_hidden":0,"_bbp_reply_count_hidden":0,"_bbp_forum_subforum_count":0,"footnotes":""},"class_list":["post-717","page","type-page","status-publish","hentry"],"_links":{"self":[{"href":"http:\/\/www.hundefreunde-erbach.com\/index.php?rest_route=\/wp\/v2\/pages\/717","targetHints":{"allow":["GET"]}}],"collection":[{"href":"http:\/\/www.hundefreunde-erbach.com\/index.php?rest_route=\/wp\/v2\/pages"}],"about":[{"href":"http:\/\/www.hundefreunde-erbach.com\/index.php?rest_route=\/wp\/v2\/types\/page"}],"author":[{"embeddable":true,"href":"http:\/\/www.hundefreunde-erbach.com\/index.php?rest_route=\/wp\/v2\/users\/1"}],"replies":[{"embeddable":true,"href":"http:\/\/www.hundefreunde-erbach.com\/index.php?rest_route=%2Fwp%2Fv2%2Fcomments&post=717"}],"version-history":[{"count":2,"href":"http:\/\/www.hundefreunde-erbach.com\/index.php?rest_route=\/wp\/v2\/pages\/717\/revisions"}],"predecessor-version":[{"id":742,"href":"http:\/\/www.hundefreunde-erbach.com\/index.php?rest_route=\/wp\/v2\/pages\/717\/revisions\/742"}],"wp:attachment":[{"href":"http:\/\/www.hundefreunde-erbach.com\/index.php?rest_route=%2Fwp%2Fv2%2Fmedia&parent=717"}],"curies":[{"name":"wp","href":"https:\/\/api.w.org\/{rel}","templated":true}]}}