{"id":35,"date":"2018-03-24T12:20:22","date_gmt":"2018-03-24T11:20:22","guid":{"rendered":"http:\/\/neu.hundefreunde-erbach.com\/?page_id=35"},"modified":"2023-10-09T18:35:39","modified_gmt":"2023-10-09T17:35:39","slug":"seminare","status":"publish","type":"page","link":"http:\/\/www.hundefreunde-erbach.com\/?page_id=35","title":{"rendered":"Seminare"},"content":{"rendered":"<p>Wann immer es uns m\u00f6glich ist, organisieren wir Seminare f\u00fcr unsere Mitglieder, dabei sind uns G\u00e4ste als Teilnehmer immer herzlich willkommen. In Vergangenheit ist es uns schon mehrfach gegl\u00fcckt namhafte, externe Trainer zu finden.<\/p>\n<p>So haben wir bereits zum 2. Mal die Hunde-Team-Schule (HTS) um Anita Balser bei uns zu Gast und richten ihr Seminare &#8222;<a href=\"http:\/\/neu.hundefreunde-erbach.com\/?p=96\">In der Muttersprache des Hundes<\/a>&#8220; aus.<\/p>\n<p>Auch Perdita L\u00fcbbe von der &#8222;Hundeakademie&#8220; hatten wir schon als Trainer gewinnen k\u00f6nnen.<\/p>\n<h2><strong>Aktuelle Seminare<\/strong><\/h2>\n<p>Seminare mit Gabi Br\u00fchlmeier, Kerstin Heid, Sandra Heid &amp; Christopher Kalkl\u00f6sch von www.hunde-authentisch-fuehren.de<\/p>\n<p><img loading=\"lazy\" decoding=\"async\" class=\"aligncenter size-full wp-image-1541\" src=\"http:\/\/www.hundefreunde-erbach.com\/wp-content\/uploads\/2023\/10\/Flyer-DGG_Erbach_2024-1.jpg\" alt=\"\" width=\"1240\" height=\"1753\" srcset=\"http:\/\/www.hundefreunde-erbach.com\/wp-content\/uploads\/2023\/10\/Flyer-DGG_Erbach_2024-1.jpg 1240w, http:\/\/www.hundefreunde-erbach.com\/wp-content\/uploads\/2023\/10\/Flyer-DGG_Erbach_2024-1-212x300.jpg 212w, http:\/\/www.hundefreunde-erbach.com\/wp-content\/uploads\/2023\/10\/Flyer-DGG_Erbach_2024-1-724x1024.jpg 724w, http:\/\/www.hundefreunde-erbach.com\/wp-content\/uploads\/2023\/10\/Flyer-DGG_Erbach_2024-1-768x1086.jpg 768w, http:\/\/www.hundefreunde-erbach.com\/wp-content\/uploads\/2023\/10\/Flyer-DGG_Erbach_2024-1-1087x1536.jpg 1087w\" sizes=\"auto, (max-width: 767px) 89vw, (max-width: 1000px) 54vw, (max-width: 1071px) 543px, 580px\" \/><\/p>\n<p><img loading=\"lazy\" decoding=\"async\" class=\"aligncenter size-full wp-image-1542\" src=\"http:\/\/www.hundefreunde-erbach.com\/wp-content\/uploads\/2023\/10\/Flyer-RR_Erbach_2024-1.jpg\" alt=\"\" width=\"1240\" height=\"1753\" srcset=\"http:\/\/www.hundefreunde-erbach.com\/wp-content\/uploads\/2023\/10\/Flyer-RR_Erbach_2024-1.jpg 1240w, http:\/\/www.hundefreunde-erbach.com\/wp-content\/uploads\/2023\/10\/Flyer-RR_Erbach_2024-1-212x300.jpg 212w, http:\/\/www.hundefreunde-erbach.com\/wp-content\/uploads\/2023\/10\/Flyer-RR_Erbach_2024-1-724x1024.jpg 724w, http:\/\/www.hundefreunde-erbach.com\/wp-content\/uploads\/2023\/10\/Flyer-RR_Erbach_2024-1-768x1086.jpg 768w, http:\/\/www.hundefreunde-erbach.com\/wp-content\/uploads\/2023\/10\/Flyer-RR_Erbach_2024-1-1087x1536.jpg 1087w\" sizes=\"auto, (max-width: 767px) 89vw, (max-width: 1000px) 54vw, (max-width: 1071px) 543px, 580px\" \/><\/p>\n<p>&nbsp;<\/p>\n","protected":false},"excerpt":{"rendered":"<p>Wann immer es uns m\u00f6glich ist, organisieren wir Seminare f\u00fcr unsere Mitglieder, dabei sind uns G\u00e4ste als Teilnehmer immer herzlich willkommen. In Vergangenheit ist es uns schon mehrfach gegl\u00fcckt namhafte, externe Trainer zu finden. So haben wir bereits zum 2. Mal die Hunde-Team-Schule (HTS) um Anita Balser bei uns zu Gast und richten ihr Seminare &hellip; <\/p>\n<p class=\"link-more\"><a href=\"http:\/\/www.hundefreunde-erbach.com\/?page_id=35\" class=\"more-link\"><span class=\"screen-reader-text\">\u201eSeminare\u201c<\/span> weiterlesen<\/a><\/p>\n","protected":false},"author":1,"featured_media":0,"parent":22,"menu_order":4,"comment_status":"closed","ping_status":"closed","template":"","meta":{"_bbp_topic_count":0,"_bbp_reply_count":0,"_bbp_total_topic_count":0,"_bbp_total_reply_count":0,"_bbp_voice_count":0,"_bbp_anonymous_reply_count":0,"_bbp_topic_count_hidden":0,"_bbp_reply_count_hidden":0,"_bbp_forum_subforum_count":0,"footnotes":""},"class_list":["post-35","page","type-page","status-publish","hentry"],"_links":{"self":[{"href":"http:\/\/www.hundefreunde-erbach.com\/index.php?rest_route=\/wp\/v2\/pages\/35","targetHints":{"allow":["GET"]}}],"collection":[{"href":"http:\/\/www.hundefreunde-erbach.com\/index.php?rest_route=\/wp\/v2\/pages"}],"about":[{"href":"http:\/\/www.hundefreunde-erbach.com\/index.php?rest_route=\/wp\/v2\/types\/page"}],"author":[{"embeddable":true,"href":"http:\/\/www.hundefreunde-erbach.com\/index.php?rest_route=\/wp\/v2\/users\/1"}],"replies":[{"embeddable":true,"href":"http:\/\/www.hundefreunde-erbach.com\/index.php?rest_route=%2Fwp%2Fv2%2Fcomments&post=35"}],"version-history":[{"count":8,"href":"http:\/\/www.hundefreunde-erbach.com\/index.php?rest_route=\/wp\/v2\/pages\/35\/revisions"}],"predecessor-version":[{"id":1546,"href":"http:\/\/www.hundefreunde-erbach.com\/index.php?rest_route=\/wp\/v2\/pages\/35\/revisions\/1546"}],"up":[{"embeddable":true,"href":"http:\/\/www.hundefreunde-erbach.com\/index.php?rest_route=\/wp\/v2\/pages\/22"}],"wp:attachment":[{"href":"http:\/\/www.hundefreunde-erbach.com\/index.php?rest_route=%2Fwp%2Fv2%2Fmedia&parent=35"}],"curies":[{"name":"wp","href":"https:\/\/api.w.org\/{rel}","templated":true}]}}