{"id":29,"date":"2018-03-24T12:19:58","date_gmt":"2018-03-24T11:19:58","guid":{"rendered":"http:\/\/neu.hundefreunde-erbach.com\/?page_id=29"},"modified":"2023-08-30T10:46:03","modified_gmt":"2023-08-30T09:46:03","slug":"veranstaltungen","status":"publish","type":"page","link":"http:\/\/www.hundefreunde-erbach.com\/?page_id=29","title":{"rendered":"Veranstaltungen"},"content":{"rendered":"<p>Das Vereinsleben wird bei uns nicht nur von regelm\u00e4\u00dfigem Training gepr\u00e4gt. Auch die Gemeinschaft der Mitglieder spielt bei uns eine gro\u00dfe Rolle.<\/p>\n<p>So veranstalten wir traditionell unser &#8222;Vereinsfr\u00fchst\u00fcck&#8220; am Pfingst-Montag jedes Jahres. Genauso werden auch gemeinsame Wanderungen mit den Hunden unternommen, bei denen G\u00e4ste \u00fcbrigens immer gern gesehen sind.<\/p>\n<p>Veranstaltungen richten wir aber auch aus, um mit G\u00e4sten gemeinsam zu feiern und Spa\u00df zu haben.<\/p>\n<p>Die &#8222;Erbacher Hunderallye&#8220; ist bereits zu einer festen Institution in Kreisen aktiver Hundebesitzer geworden. Seit \u00fcber 10 Jahren richten wir unseren sportlichen, und nicht immer ganz ernst zu nehmenden Wettkampf aus. Hierbei reisen unsere regelm\u00e4\u00dfigen Teilnehmer gerne auch aus weiter weg gelegenen Regionen an.<\/p>\n<p>Unser &#8222;Erlebnistag&#8220;, den wir nach M\u00f6glichkeit auch j\u00e4hrlich veranstalten, l\u00e4dt G\u00e4ste ein unseren Verein kennenzulernen. Dabei k\u00f6nnen sich interessierte Besucher auf unserem Vereinsgel\u00e4nde \u00fcber unsere Arbeit informieren und auch mit ihrem Hund direkt an spielerischen Aktivit\u00e4ten teilnehmen.<br \/>\nWir bieten dabei gerne auch die Bewirtung mit kleinem Imbiss und Getr\u00e4nken an.<\/p>\n<p>&nbsp;<\/p>\n","protected":false},"excerpt":{"rendered":"<p>Das Vereinsleben wird bei uns nicht nur von regelm\u00e4\u00dfigem Training gepr\u00e4gt. Auch die Gemeinschaft der Mitglieder spielt bei uns eine gro\u00dfe Rolle. So veranstalten wir traditionell unser &#8222;Vereinsfr\u00fchst\u00fcck&#8220; am Pfingst-Montag jedes Jahres. Genauso werden auch gemeinsame Wanderungen mit den Hunden unternommen, bei denen G\u00e4ste \u00fcbrigens immer gern gesehen sind. Veranstaltungen richten wir aber auch aus, &hellip; <\/p>\n<p class=\"link-more\"><a href=\"http:\/\/www.hundefreunde-erbach.com\/?page_id=29\" class=\"more-link\"><span class=\"screen-reader-text\">\u201eVeranstaltungen\u201c<\/span> weiterlesen<\/a><\/p>\n","protected":false},"author":1,"featured_media":0,"parent":22,"menu_order":6,"comment_status":"closed","ping_status":"closed","template":"","meta":{"_bbp_topic_count":0,"_bbp_reply_count":0,"_bbp_total_topic_count":0,"_bbp_total_reply_count":0,"_bbp_voice_count":0,"_bbp_anonymous_reply_count":0,"_bbp_topic_count_hidden":0,"_bbp_reply_count_hidden":0,"_bbp_forum_subforum_count":0,"footnotes":""},"class_list":["post-29","page","type-page","status-publish","hentry"],"_links":{"self":[{"href":"http:\/\/www.hundefreunde-erbach.com\/index.php?rest_route=\/wp\/v2\/pages\/29","targetHints":{"allow":["GET"]}}],"collection":[{"href":"http:\/\/www.hundefreunde-erbach.com\/index.php?rest_route=\/wp\/v2\/pages"}],"about":[{"href":"http:\/\/www.hundefreunde-erbach.com\/index.php?rest_route=\/wp\/v2\/types\/page"}],"author":[{"embeddable":true,"href":"http:\/\/www.hundefreunde-erbach.com\/index.php?rest_route=\/wp\/v2\/users\/1"}],"replies":[{"embeddable":true,"href":"http:\/\/www.hundefreunde-erbach.com\/index.php?rest_route=%2Fwp%2Fv2%2Fcomments&post=29"}],"version-history":[{"count":7,"href":"http:\/\/www.hundefreunde-erbach.com\/index.php?rest_route=\/wp\/v2\/pages\/29\/revisions"}],"predecessor-version":[{"id":1532,"href":"http:\/\/www.hundefreunde-erbach.com\/index.php?rest_route=\/wp\/v2\/pages\/29\/revisions\/1532"}],"up":[{"embeddable":true,"href":"http:\/\/www.hundefreunde-erbach.com\/index.php?rest_route=\/wp\/v2\/pages\/22"}],"wp:attachment":[{"href":"http:\/\/www.hundefreunde-erbach.com\/index.php?rest_route=%2Fwp%2Fv2%2Fmedia&parent=29"}],"curies":[{"name":"wp","href":"https:\/\/api.w.org\/{rel}","templated":true}]}}