{"id":27,"date":"2018-03-24T12:19:32","date_gmt":"2018-03-24T11:19:32","guid":{"rendered":"http:\/\/neu.hundefreunde-erbach.com\/?page_id=27"},"modified":"2018-04-02T19:33:13","modified_gmt":"2018-04-02T18:33:13","slug":"jugend","status":"publish","type":"page","link":"http:\/\/www.hundefreunde-erbach.com\/?page_id=27","title":{"rendered":"Jugend"},"content":{"rendered":"<p>In der Jugendarbeit ist es das Ziel, Kindern und Jugendlichen Verantwortung und Sicherheit im Umgang mit dem Partner Hund zu vermitteln.<br \/>\nDoch ist Jugendarbeit im Hundesport nicht nur Teilnahme an \u00dcbungsstunden, den Pr\u00fcfungen und Wettk\u00e4mpfen. Auch zahlreiche Veranstaltungen wie Ausfl\u00fcge, Wanderungen und Zeltlager sollen es den Jugendlichen erm\u00f6glichen, neue Freunde zu finden und sich in einem Verein zu engagieren.<\/p>\n<p>Ob Erziehung f\u00fcr den Hausgebrauch oder aktiver Hundesport, der Spa\u00df kommt bestimmt nicht zu kurz.<\/p>\n<p>Die rege Teilnahme an Ausfl\u00fcgen, Turnieren und Sportveranstaltungen sind ein Beleg f\u00fcr die Freude an der Arbeit mit dem Hund.<\/p>\n<p>Einfach mal reinschauen beim Training.<\/p>\n<p>Wann welches Training stattfindet seht ihr bei den Trainingszeiten.<\/p>\n<p>Unsere Jungenvertretung:<\/p>\n<p style=\"padding-left: 120px;\">Jugenvertreterin\u00a0\u00a0\u00a0\u00a0\u00a0\u00a0\u00a0\u00a0 Jana Zajicek<br \/>\nStellvertreterin\u00a0\u00a0\u00a0\u00a0\u00a0\u00a0\u00a0\u00a0\u00a0\u00a0\u00a0\u00a0 Paula Damitz<\/p>\n","protected":false},"excerpt":{"rendered":"<p>In der Jugendarbeit ist es das Ziel, Kindern und Jugendlichen Verantwortung und Sicherheit im Umgang mit dem Partner Hund zu vermitteln. Doch ist Jugendarbeit im Hundesport nicht nur Teilnahme an \u00dcbungsstunden, den Pr\u00fcfungen und Wettk\u00e4mpfen. Auch zahlreiche Veranstaltungen wie Ausfl\u00fcge, Wanderungen und Zeltlager sollen es den Jugendlichen erm\u00f6glichen, neue Freunde zu finden und sich in &hellip; <\/p>\n<p class=\"link-more\"><a href=\"http:\/\/www.hundefreunde-erbach.com\/?page_id=27\" class=\"more-link\"><span class=\"screen-reader-text\">\u201eJugend\u201c<\/span> weiterlesen<\/a><\/p>\n","protected":false},"author":1,"featured_media":0,"parent":22,"menu_order":5,"comment_status":"closed","ping_status":"closed","template":"","meta":{"_bbp_topic_count":0,"_bbp_reply_count":0,"_bbp_total_topic_count":0,"_bbp_total_reply_count":0,"_bbp_voice_count":0,"_bbp_anonymous_reply_count":0,"_bbp_topic_count_hidden":0,"_bbp_reply_count_hidden":0,"_bbp_forum_subforum_count":0,"footnotes":""},"class_list":["post-27","page","type-page","status-publish","hentry"],"_links":{"self":[{"href":"http:\/\/www.hundefreunde-erbach.com\/index.php?rest_route=\/wp\/v2\/pages\/27","targetHints":{"allow":["GET"]}}],"collection":[{"href":"http:\/\/www.hundefreunde-erbach.com\/index.php?rest_route=\/wp\/v2\/pages"}],"about":[{"href":"http:\/\/www.hundefreunde-erbach.com\/index.php?rest_route=\/wp\/v2\/types\/page"}],"author":[{"embeddable":true,"href":"http:\/\/www.hundefreunde-erbach.com\/index.php?rest_route=\/wp\/v2\/users\/1"}],"replies":[{"embeddable":true,"href":"http:\/\/www.hundefreunde-erbach.com\/index.php?rest_route=%2Fwp%2Fv2%2Fcomments&post=27"}],"version-history":[{"count":4,"href":"http:\/\/www.hundefreunde-erbach.com\/index.php?rest_route=\/wp\/v2\/pages\/27\/revisions"}],"predecessor-version":[{"id":175,"href":"http:\/\/www.hundefreunde-erbach.com\/index.php?rest_route=\/wp\/v2\/pages\/27\/revisions\/175"}],"up":[{"embeddable":true,"href":"http:\/\/www.hundefreunde-erbach.com\/index.php?rest_route=\/wp\/v2\/pages\/22"}],"wp:attachment":[{"href":"http:\/\/www.hundefreunde-erbach.com\/index.php?rest_route=%2Fwp%2Fv2%2Fmedia&parent=27"}],"curies":[{"name":"wp","href":"https:\/\/api.w.org\/{rel}","templated":true}]}}