{"id":202,"date":"2018-04-04T20:06:12","date_gmt":"2018-04-04T19:06:12","guid":{"rendered":"http:\/\/neu.hundefreunde-erbach.com\/?page_id=202"},"modified":"2018-05-12T12:36:30","modified_gmt":"2018-05-12T11:36:30","slug":"links","status":"publish","type":"page","link":"http:\/\/www.hundefreunde-erbach.com\/?page_id=202","title":{"rendered":"Links"},"content":{"rendered":"<p>Hier empfehlen wir Internetseiten von befreundeten Anbietern oder mit verwandten Inhalten. (Wir verweisen in diesem Zusammenhang ausdr\u00fccklich auf unseren Haftungsausschlu\u00df.)<\/p>\n<hr \/>\n<p>Unser Verband<\/p>\n<p><a href=\"http:\/\/www.hsvrm.de\" target=\"_blank\" rel=\"noopener\"><img loading=\"lazy\" decoding=\"async\" class=\"alignnone wp-image-147 size-full\" src=\"http:\/\/neu.hundefreunde-erbach.com\/wp-content\/uploads\/2018\/04\/45335933.jpg\" alt=\"\" width=\"228\" height=\"91\" \/><\/a><\/p>\n<hr \/>\n<p>Die &#8222;Hundestunde Erbach&#8220;<\/p>\n<p><a href=\"http:\/\/www.hundestunde-erbach.de\/\" target=\"_blank\" rel=\"noopener\"><img loading=\"lazy\" decoding=\"async\" class=\"alignnone wp-image-217 size-full\" src=\"http:\/\/neu.hundefreunde-erbach.com\/wp-content\/uploads\/2018\/04\/hundestunde.jpg\" alt=\"\" width=\"920\" height=\"200\" srcset=\"http:\/\/www.hundefreunde-erbach.com\/wp-content\/uploads\/2018\/04\/hundestunde.jpg 920w, http:\/\/www.hundefreunde-erbach.com\/wp-content\/uploads\/2018\/04\/hundestunde-300x65.jpg 300w, http:\/\/www.hundefreunde-erbach.com\/wp-content\/uploads\/2018\/04\/hundestunde-768x167.jpg 768w\" sizes=\"auto, (max-width: 767px) 89vw, (max-width: 1000px) 54vw, (max-width: 1071px) 543px, 580px\" \/><\/a><\/p>\n<hr \/>\n<p>Tierbedarf online g\u00fcnstig kaufen bei:<\/p>\n<p><a href=\"http:\/\/tiirisch.de\" target=\"_blank\" rel=\"noopener\"><img loading=\"lazy\" decoding=\"async\" class=\"alignnone wp-image-216 size-full\" src=\"http:\/\/neu.hundefreunde-erbach.com\/wp-content\/uploads\/2018\/04\/47553710.png\" alt=\"\" width=\"211\" height=\"49\" \/><\/a><\/p>\n<hr \/>\n<p>Kreissparkasse Erbach &#8211; Vereinspartner<\/p>\n<p><a href=\"https:\/\/www.sparkasse-odenwaldkreis.de\/vereinspartner\" target=\"_blank\" rel=\"noopener\"><img loading=\"lazy\" decoding=\"async\" class=\"alignnone wp-image-133 size-full\" src=\"http:\/\/neu.hundefreunde-erbach.com\/wp-content\/uploads\/2018\/04\/big_45894928_0_150-173.jpg\" alt=\"\" width=\"150\" height=\"173\" \/><\/a><\/p>\n<hr \/>\n<p>Hunde-Team-Schule (HTS)<\/p>\n<p><a href=\"http:\/\/www.hundeteamschule.de\/\"><img loading=\"lazy\" decoding=\"async\" class=\"alignnone wp-image-416 size-medium\" src=\"http:\/\/neu.hundefreunde-erbach.com\/wp-content\/uploads\/2018\/04\/HTS-300x189.gif\" alt=\"\" width=\"300\" height=\"189\" srcset=\"http:\/\/www.hundefreunde-erbach.com\/wp-content\/uploads\/2018\/04\/HTS-300x189.gif 300w, http:\/\/www.hundefreunde-erbach.com\/wp-content\/uploads\/2018\/04\/HTS-768x485.gif 768w\" sizes=\"auto, (max-width: 300px) 100vw, 300px\" \/> <\/a><\/p>\n<hr \/>\n<p>Hundeakademie &#8211; Perdita L\u00fcbbe<\/p>\n<p><a href=\"http:\/\/www.hundeakademie.de\"><img loading=\"lazy\" decoding=\"async\" class=\"alignnone size-medium wp-image-417\" src=\"http:\/\/neu.hundefreunde-erbach.com\/wp-content\/uploads\/2018\/04\/Luebbe.png\" alt=\"\" width=\"99\" height=\"99\" \/><\/a><\/p>\n<hr \/>\n<p>Erste Hilfe beim Hund<br \/>\neine Seite mit Hilfen, Details und Beschreibungen<\/p>\n<p><a href=\"http:\/\/www.erste-hilfe-beim-hund.de\" target=\"_blank\" rel=\"noopener\"><img loading=\"lazy\" decoding=\"async\" class=\"alignnone wp-image-523 size-thumbnail\" src=\"http:\/\/www.hundefreunde-erbach.com\/wp-content\/uploads\/2018\/05\/erste-hilfe-beim-hund-150x150.png\" alt=\"\" width=\"150\" height=\"150\" srcset=\"http:\/\/www.hundefreunde-erbach.com\/wp-content\/uploads\/2018\/05\/erste-hilfe-beim-hund-150x150.png 150w, http:\/\/www.hundefreunde-erbach.com\/wp-content\/uploads\/2018\/05\/erste-hilfe-beim-hund-100x100.png 100w\" sizes=\"auto, (max-width: 150px) 100vw, 150px\" \/><\/a><\/p>\n<hr \/>\n<p>Projekt &#8222;Gelber Hund&#8220;<\/p>\n<p><a href=\"http:\/\/www.gulahund.de\" target=\"_blank\" rel=\"noopener\"><img loading=\"lazy\" decoding=\"async\" class=\"alignnone wp-image-525 size-full\" src=\"http:\/\/www.hundefreunde-erbach.com\/wp-content\/uploads\/2018\/05\/Gelber-Hund.png\" alt=\"\" width=\"180\" height=\"180\" srcset=\"http:\/\/www.hundefreunde-erbach.com\/wp-content\/uploads\/2018\/05\/Gelber-Hund.png 180w, http:\/\/www.hundefreunde-erbach.com\/wp-content\/uploads\/2018\/05\/Gelber-Hund-150x150.png 150w, http:\/\/www.hundefreunde-erbach.com\/wp-content\/uploads\/2018\/05\/Gelber-Hund-100x100.png 100w\" sizes=\"auto, (max-width: 180px) 100vw, 180px\" \/><\/a><\/p>\n<p>&nbsp;<\/p>\n<hr \/>\n<p><span style=\"color: #808080;\">Die hier aufgef\u00fchrten Bilder und Logos dienen ausschliesslich der Illustration der angebotenen Links und entspringen den jeweiligen Internetseiten, deren Copyright sie unterliegen.<\/span><\/p>\n","protected":false},"excerpt":{"rendered":"<p>Hier empfehlen wir Internetseiten von befreundeten Anbietern oder mit verwandten Inhalten. (Wir verweisen in diesem Zusammenhang ausdr\u00fccklich auf unseren Haftungsausschlu\u00df.) Unser Verband Die &#8222;Hundestunde Erbach&#8220; Tierbedarf online g\u00fcnstig kaufen bei: Kreissparkasse Erbach &#8211; Vereinspartner Hunde-Team-Schule (HTS) Hundeakademie &#8211; Perdita L\u00fcbbe Erste Hilfe beim Hund eine Seite mit Hilfen, Details und Beschreibungen Projekt &#8222;Gelber Hund&#8220; &nbsp; &hellip; <\/p>\n<p class=\"link-more\"><a href=\"http:\/\/www.hundefreunde-erbach.com\/?page_id=202\" class=\"more-link\"><span class=\"screen-reader-text\">\u201eLinks\u201c<\/span> weiterlesen<\/a><\/p>\n","protected":false},"author":1,"featured_media":0,"parent":0,"menu_order":0,"comment_status":"closed","ping_status":"closed","template":"","meta":{"_bbp_topic_count":0,"_bbp_reply_count":0,"_bbp_total_topic_count":0,"_bbp_total_reply_count":0,"_bbp_voice_count":0,"_bbp_anonymous_reply_count":0,"_bbp_topic_count_hidden":0,"_bbp_reply_count_hidden":0,"_bbp_forum_subforum_count":0,"footnotes":""},"class_list":["post-202","page","type-page","status-publish","hentry"],"_links":{"self":[{"href":"http:\/\/www.hundefreunde-erbach.com\/index.php?rest_route=\/wp\/v2\/pages\/202","targetHints":{"allow":["GET"]}}],"collection":[{"href":"http:\/\/www.hundefreunde-erbach.com\/index.php?rest_route=\/wp\/v2\/pages"}],"about":[{"href":"http:\/\/www.hundefreunde-erbach.com\/index.php?rest_route=\/wp\/v2\/types\/page"}],"author":[{"embeddable":true,"href":"http:\/\/www.hundefreunde-erbach.com\/index.php?rest_route=\/wp\/v2\/users\/1"}],"replies":[{"embeddable":true,"href":"http:\/\/www.hundefreunde-erbach.com\/index.php?rest_route=%2Fwp%2Fv2%2Fcomments&post=202"}],"version-history":[{"count":10,"href":"http:\/\/www.hundefreunde-erbach.com\/index.php?rest_route=\/wp\/v2\/pages\/202\/revisions"}],"predecessor-version":[{"id":522,"href":"http:\/\/www.hundefreunde-erbach.com\/index.php?rest_route=\/wp\/v2\/pages\/202\/revisions\/522"}],"wp:attachment":[{"href":"http:\/\/www.hundefreunde-erbach.com\/index.php?rest_route=%2Fwp%2Fv2%2Fmedia&parent=202"}],"curies":[{"name":"wp","href":"https:\/\/api.w.org\/{rel}","templated":true}]}}