{"id":1703,"date":"2026-02-21T14:28:58","date_gmt":"2026-02-21T13:28:58","guid":{"rendered":"http:\/\/www.hundefreunde-erbach.com\/?page_id=1703"},"modified":"2026-02-21T14:43:45","modified_gmt":"2026-02-21T13:43:45","slug":"1-oureweller-opferdurnier","status":"publish","type":"page","link":"http:\/\/www.hundefreunde-erbach.com\/?page_id=1703","title":{"rendered":"1. Oureweller Opferdurnier"},"content":{"rendered":"<p><a href=\"http:\/\/www.hundefreunde-erbach.com\/wp-content\/uploads\/2026\/02\/Einladung-Opferturnier.pdf\"><img loading=\"lazy\" decoding=\"async\" class=\"wp-image-1587  alignleft\" title=\"Anklicken zum Download\" src=\"http:\/\/www.hundefreunde-erbach.com\/wp-content\/uploads\/2026\/02\/Einladung-Opferturnier.jpg\" alt=\"\" width=\"489\" height=\"692\" \/><\/a><\/p>\n<p>&nbsp;<\/p>\n<p>&nbsp;<\/p>\n<p>&nbsp;<\/p>\n<p>&nbsp;<\/p>\n<p>&nbsp;<\/p>\n<p>&nbsp;<\/p>\n<p>&nbsp;<\/p>\n<p>&nbsp;<\/p>\n<p>&nbsp;<\/p>\n<p>&nbsp;<\/p>\n<p>&nbsp;<\/p>\n<p>&nbsp;<\/p>\n<p>&nbsp;<\/p>\n<p>&nbsp;<\/p>\n<p><a href=\"http:\/\/www.hundefreunde-erbach.com\/wp-content\/uploads\/2026\/02\/Anmeldung-Opferturnier.pdf\">Anmeldung Opferturnier<\/a><\/p>\n<p><strong>Veranstaltungsort:<\/strong> VfH Weiten-Ges\u00e4\u00df, ausgeschildert ab Eichenstra\u00dfe 45<br \/>\n<a href=\"https:\/\/maps.app.goo.gl\/y3ubSjDirjb9Uri39\" target=\"_blank\" rel=\"noopener\">https:\/\/maps.app.goo.gl\/y3ubSjDirjb9Uri39<\/a><\/p>\n<p>Unterst\u00fctzt durch<br \/>\n<a href=\"https:\/\/www.sparkasse-odenwaldkreis.de\/\"><img loading=\"lazy\" decoding=\"async\" class=\"alignnone wp-image-133\" src=\"http:\/\/www.hundefreunde-erbach.com\/wp-content\/uploads\/2018\/04\/big_45894928_0_150-173.jpg\" alt=\"\" width=\"118\" height=\"136\" \/><\/a><\/p>\n","protected":false},"excerpt":{"rendered":"<p>&nbsp; &nbsp; &nbsp; &nbsp; &nbsp; &nbsp; &nbsp; &nbsp; &nbsp; &nbsp; &nbsp; &nbsp; &nbsp; &nbsp; Anmeldung Opferturnier Veranstaltungsort: VfH Weiten-Ges\u00e4\u00df, ausgeschildert ab Eichenstra\u00dfe 45 https:\/\/maps.app.goo.gl\/y3ubSjDirjb9Uri39 Unterst\u00fctzt durch<\/p>\n","protected":false},"author":10,"featured_media":0,"parent":29,"menu_order":0,"comment_status":"closed","ping_status":"closed","template":"","meta":{"_bbp_topic_count":0,"_bbp_reply_count":0,"_bbp_total_topic_count":0,"_bbp_total_reply_count":0,"_bbp_voice_count":0,"_bbp_anonymous_reply_count":0,"_bbp_topic_count_hidden":0,"_bbp_reply_count_hidden":0,"_bbp_forum_subforum_count":0,"footnotes":""},"class_list":["post-1703","page","type-page","status-publish","hentry"],"_links":{"self":[{"href":"http:\/\/www.hundefreunde-erbach.com\/index.php?rest_route=\/wp\/v2\/pages\/1703","targetHints":{"allow":["GET"]}}],"collection":[{"href":"http:\/\/www.hundefreunde-erbach.com\/index.php?rest_route=\/wp\/v2\/pages"}],"about":[{"href":"http:\/\/www.hundefreunde-erbach.com\/index.php?rest_route=\/wp\/v2\/types\/page"}],"author":[{"embeddable":true,"href":"http:\/\/www.hundefreunde-erbach.com\/index.php?rest_route=\/wp\/v2\/users\/10"}],"replies":[{"embeddable":true,"href":"http:\/\/www.hundefreunde-erbach.com\/index.php?rest_route=%2Fwp%2Fv2%2Fcomments&post=1703"}],"version-history":[{"count":6,"href":"http:\/\/www.hundefreunde-erbach.com\/index.php?rest_route=\/wp\/v2\/pages\/1703\/revisions"}],"predecessor-version":[{"id":1721,"href":"http:\/\/www.hundefreunde-erbach.com\/index.php?rest_route=\/wp\/v2\/pages\/1703\/revisions\/1721"}],"up":[{"embeddable":true,"href":"http:\/\/www.hundefreunde-erbach.com\/index.php?rest_route=\/wp\/v2\/pages\/29"}],"wp:attachment":[{"href":"http:\/\/www.hundefreunde-erbach.com\/index.php?rest_route=%2Fwp%2Fv2%2Fmedia&parent=1703"}],"curies":[{"name":"wp","href":"https:\/\/api.w.org\/{rel}","templated":true}]}}