{"id":1675,"date":"2026-01-09T13:52:02","date_gmt":"2026-01-09T12:52:02","guid":{"rendered":"http:\/\/www.hundefreunde-erbach.com\/?page_id=1675"},"modified":"2026-02-04T19:37:49","modified_gmt":"2026-02-04T18:37:49","slug":"3-oureweller-pamparenne","status":"publish","type":"page","link":"http:\/\/www.hundefreunde-erbach.com\/?page_id=1675","title":{"rendered":"3. Oureweller Pamparenne"},"content":{"rendered":"<p><strong><br \/>\n<a href=\"http:\/\/www.hundefreunde-erbach.com\/wp-content\/uploads\/2026\/01\/Einladung-Pamparenne_2026.pdf\" target=\"_blank\" rel=\"noopener\"><img loading=\"lazy\" decoding=\"async\" class=\"aligncenter wp-image-1587 size-full\" title=\"Anklicken zum Download\" src=\"http:\/\/www.hundefreunde-erbach.com\/wp-content\/uploads\/2026\/01\/Einladung-Turnier_2026.jpg\" alt=\"\" width=\"800\" height=\"1754\" \/><\/a>Veranstaltungsort:<\/strong> VfH Weiten-Ges\u00e4\u00df, ausgeschildert ab Eichenstra\u00dfe 45<br \/>\n<a href=\"https:\/\/maps.app.goo.gl\/y3ubSjDirjb9Uri39\" target=\"_blank\" rel=\"noopener\">https:\/\/maps.app.goo.gl\/y3ubSjDirjb9Uri39<\/a><\/p>\n<p>Strecken :<\/p>\n<p><img loading=\"lazy\" decoding=\"async\" class=\"aligncenter size-full wp-image-1648\" src=\"http:\/\/www.hundefreunde-erbach.com\/wp-content\/uploads\/2026\/01\/Strecken-Pamparenne_2026.jpg\" alt=\"\" width=\"595\" height=\"529\" \/><\/p>\n<p>Unterst\u00fctzt durch<\/p>\n<table style=\"height: 190px;\" width=\"588\">\n<tbody>\n<tr>\n<td><a href=\"https:\/\/goodboy.de\/\"><img loading=\"lazy\" decoding=\"async\" class=\"alignnone wp-image-1683\" src=\"http:\/\/www.hundefreunde-erbach.com\/wp-content\/uploads\/2026\/01\/GOODBOY_Logo_mitClaim_2022_400px.png\" alt=\"\" width=\"200\" height=\"200\" srcset=\"http:\/\/www.hundefreunde-erbach.com\/wp-content\/uploads\/2026\/01\/GOODBOY_Logo_mitClaim_2022_400px.png 400w, http:\/\/www.hundefreunde-erbach.com\/wp-content\/uploads\/2026\/01\/GOODBOY_Logo_mitClaim_2022_400px-300x300.png 300w, http:\/\/www.hundefreunde-erbach.com\/wp-content\/uploads\/2026\/01\/GOODBOY_Logo_mitClaim_2022_400px-150x150.png 150w, http:\/\/www.hundefreunde-erbach.com\/wp-content\/uploads\/2026\/01\/GOODBOY_Logo_mitClaim_2022_400px-100x100.png 100w\" sizes=\"auto, (max-width: 200px) 100vw, 200px\" \/><\/a><\/td>\n<td><a href=\"https:\/\/www.josera.de\/\"><img loading=\"lazy\" decoding=\"async\" class=\"alignnone wp-image-1685\" src=\"http:\/\/www.hundefreunde-erbach.com\/wp-content\/uploads\/2026\/01\/logo-josera-petfood-claim.png\" alt=\"\" width=\"256\" height=\"200\" \/><\/a><\/td>\n<td><a href=\"https:\/\/happydog.de\/\"><img loading=\"lazy\" decoding=\"async\" class=\"alignnone wp-image-1684\" src=\"http:\/\/www.hundefreunde-erbach.com\/wp-content\/uploads\/2026\/01\/HappyDog_Fahne_Claim_cropped.webp\" alt=\"\" width=\"250\" height=\"200\" \/><\/a><\/td>\n<td><a href=\"https:\/\/www.kraemer.de\/\"><img loading=\"lazy\" decoding=\"async\" class=\"alignnone size-full wp-image-1686\" src=\"http:\/\/www.hundefreunde-erbach.com\/wp-content\/uploads\/2026\/01\/logo-kraemer.png\" alt=\"\" width=\"250\" height=\"120\" \/><\/a><\/td>\n<td><a href=\"https:\/\/www.alpha-spirit.shop\/\"><img loading=\"lazy\" decoding=\"async\" class=\"alignnone wp-image-1696\" src=\"http:\/\/www.hundefreunde-erbach.com\/wp-content\/uploads\/2026\/02\/Alpha_Spirit.png\" alt=\"\" width=\"200\" height=\"200\" srcset=\"http:\/\/www.hundefreunde-erbach.com\/wp-content\/uploads\/2026\/02\/Alpha_Spirit-150x150.png 150w, http:\/\/www.hundefreunde-erbach.com\/wp-content\/uploads\/2026\/02\/Alpha_Spirit-100x100.png 100w\" sizes=\"auto, (max-width: 200px) 100vw, 200px\" \/><\/a><\/td>\n<td><a href=\"https:\/\/www.sparkasse-odenwaldkreis.de\/\"><img loading=\"lazy\" decoding=\"async\" class=\"alignnone size-full wp-image-133\" src=\"http:\/\/www.hundefreunde-erbach.com\/wp-content\/uploads\/2018\/04\/big_45894928_0_150-173.jpg\" alt=\"\" width=\"250\" height=\"273\" \/><\/a><\/td>\n<\/tr>\n<\/tbody>\n<\/table>\n","protected":false},"excerpt":{"rendered":"<p>Veranstaltungsort: VfH Weiten-Ges\u00e4\u00df, ausgeschildert ab Eichenstra\u00dfe 45 https:\/\/maps.app.goo.gl\/y3ubSjDirjb9Uri39 Strecken : Unterst\u00fctzt durch<\/p>\n","protected":false},"author":10,"featured_media":0,"parent":29,"menu_order":0,"comment_status":"closed","ping_status":"closed","template":"","meta":{"_bbp_topic_count":0,"_bbp_reply_count":0,"_bbp_total_topic_count":0,"_bbp_total_reply_count":0,"_bbp_voice_count":0,"_bbp_anonymous_reply_count":0,"_bbp_topic_count_hidden":0,"_bbp_reply_count_hidden":0,"_bbp_forum_subforum_count":0,"footnotes":""},"class_list":["post-1675","page","type-page","status-publish","hentry"],"_links":{"self":[{"href":"http:\/\/www.hundefreunde-erbach.com\/index.php?rest_route=\/wp\/v2\/pages\/1675","targetHints":{"allow":["GET"]}}],"collection":[{"href":"http:\/\/www.hundefreunde-erbach.com\/index.php?rest_route=\/wp\/v2\/pages"}],"about":[{"href":"http:\/\/www.hundefreunde-erbach.com\/index.php?rest_route=\/wp\/v2\/types\/page"}],"author":[{"embeddable":true,"href":"http:\/\/www.hundefreunde-erbach.com\/index.php?rest_route=\/wp\/v2\/users\/10"}],"replies":[{"embeddable":true,"href":"http:\/\/www.hundefreunde-erbach.com\/index.php?rest_route=%2Fwp%2Fv2%2Fcomments&post=1675"}],"version-history":[{"count":7,"href":"http:\/\/www.hundefreunde-erbach.com\/index.php?rest_route=\/wp\/v2\/pages\/1675\/revisions"}],"predecessor-version":[{"id":1698,"href":"http:\/\/www.hundefreunde-erbach.com\/index.php?rest_route=\/wp\/v2\/pages\/1675\/revisions\/1698"}],"up":[{"embeddable":true,"href":"http:\/\/www.hundefreunde-erbach.com\/index.php?rest_route=\/wp\/v2\/pages\/29"}],"wp:attachment":[{"href":"http:\/\/www.hundefreunde-erbach.com\/index.php?rest_route=%2Fwp%2Fv2%2Fmedia&parent=1675"}],"curies":[{"name":"wp","href":"https:\/\/api.w.org\/{rel}","templated":true}]}}