{"id":1625,"date":"2025-01-27T18:46:11","date_gmt":"2025-01-27T17:46:11","guid":{"rendered":"http:\/\/www.hundefreunde-erbach.com\/?page_id=1625"},"modified":"2026-01-09T13:53:15","modified_gmt":"2026-01-09T12:53:15","slug":"2-oureweller-pamparenne","status":"publish","type":"page","link":"http:\/\/www.hundefreunde-erbach.com\/?page_id=1625","title":{"rendered":"2. Oureweller Pamparenne"},"content":{"rendered":"<p><strong><br \/>\n<a href=\"http:\/\/www.hundefreunde-erbach.com\/wp-content\/uploads\/2025\/01\/Einladung-Pamparenne-2025.pdf\" target=\"_blank\" rel=\"noopener\"><img loading=\"lazy\" decoding=\"async\" class=\"aligncenter wp-image-1587 size-full\" title=\"Anklicken zum Download\" src=\"http:\/\/www.hundefreunde-erbach.com\/wp-content\/uploads\/2025\/01\/Einladung-Pamparenne-2025-1.jpg\" alt=\"\" width=\"800\" height=\"1754\" \/><\/a>Veranstaltungsort:<\/strong> VfH Weiten-Ges\u00e4\u00df, ausgeschildert ab Eichenstra\u00dfe 45<\/p>\n<p><a href=\"https:\/\/maps.app.goo.gl\/y3ubSjDirjb9Uri39\" target=\"_blank\" rel=\"noopener\">https:\/\/maps.app.goo.gl\/y3ubSjDirjb9Uri39<\/a><\/p>\n<p>Strecken :<\/p>\n<p><img loading=\"lazy\" decoding=\"async\" class=\"aligncenter size-full wp-image-1648\" src=\"http:\/\/www.hundefreunde-erbach.com\/wp-content\/uploads\/2025\/02\/Strecken-mit-Beschreibung.jpg\" alt=\"\" width=\"595\" height=\"529\" srcset=\"http:\/\/www.hundefreunde-erbach.com\/wp-content\/uploads\/2025\/02\/Strecken-mit-Beschreibung.jpg 595w, http:\/\/www.hundefreunde-erbach.com\/wp-content\/uploads\/2025\/02\/Strecken-mit-Beschreibung-300x267.jpg 300w\" sizes=\"auto, (max-width: 595px) 100vw, 595px\" \/><\/p>\n<p>Unterst\u00fctzt durch <a href=\"http:\/\/www.wildborn.com\" target=\"_blank\" rel=\"noopener\"><img loading=\"lazy\" decoding=\"async\" class=\"aligncenter wp-image-1596 size-full\" src=\"http:\/\/www.hundefreunde-erbach.com\/wp-content\/uploads\/2024\/01\/logo_wildborn_600x140.jpg\" alt=\"\" width=\"600\" height=\"140\" srcset=\"http:\/\/www.hundefreunde-erbach.com\/wp-content\/uploads\/2024\/01\/logo_wildborn_600x140.jpg 600w, http:\/\/www.hundefreunde-erbach.com\/wp-content\/uploads\/2024\/01\/logo_wildborn_600x140-300x70.jpg 300w\" sizes=\"auto, (max-width: 600px) 100vw, 600px\" \/><\/a><\/p>\n","protected":false},"excerpt":{"rendered":"<p>Veranstaltungsort: VfH Weiten-Ges\u00e4\u00df, ausgeschildert ab Eichenstra\u00dfe 45 https:\/\/maps.app.goo.gl\/y3ubSjDirjb9Uri39 Strecken : Unterst\u00fctzt durch<\/p>\n","protected":false},"author":10,"featured_media":0,"parent":29,"menu_order":0,"comment_status":"closed","ping_status":"closed","template":"","meta":{"_bbp_topic_count":0,"_bbp_reply_count":0,"_bbp_total_topic_count":0,"_bbp_total_reply_count":0,"_bbp_voice_count":0,"_bbp_anonymous_reply_count":0,"_bbp_topic_count_hidden":0,"_bbp_reply_count_hidden":0,"_bbp_forum_subforum_count":0,"footnotes":""},"class_list":["post-1625","page","type-page","status-publish","hentry"],"_links":{"self":[{"href":"http:\/\/www.hundefreunde-erbach.com\/index.php?rest_route=\/wp\/v2\/pages\/1625","targetHints":{"allow":["GET"]}}],"collection":[{"href":"http:\/\/www.hundefreunde-erbach.com\/index.php?rest_route=\/wp\/v2\/pages"}],"about":[{"href":"http:\/\/www.hundefreunde-erbach.com\/index.php?rest_route=\/wp\/v2\/types\/page"}],"author":[{"embeddable":true,"href":"http:\/\/www.hundefreunde-erbach.com\/index.php?rest_route=\/wp\/v2\/users\/10"}],"replies":[{"embeddable":true,"href":"http:\/\/www.hundefreunde-erbach.com\/index.php?rest_route=%2Fwp%2Fv2%2Fcomments&post=1625"}],"version-history":[{"count":10,"href":"http:\/\/www.hundefreunde-erbach.com\/index.php?rest_route=\/wp\/v2\/pages\/1625\/revisions"}],"predecessor-version":[{"id":1649,"href":"http:\/\/www.hundefreunde-erbach.com\/index.php?rest_route=\/wp\/v2\/pages\/1625\/revisions\/1649"}],"up":[{"embeddable":true,"href":"http:\/\/www.hundefreunde-erbach.com\/index.php?rest_route=\/wp\/v2\/pages\/29"}],"wp:attachment":[{"href":"http:\/\/www.hundefreunde-erbach.com\/index.php?rest_route=%2Fwp%2Fv2%2Fmedia&parent=1625"}],"curies":[{"name":"wp","href":"https:\/\/api.w.org\/{rel}","templated":true}]}}