{"id":156,"date":"2018-04-02T19:17:52","date_gmt":"2018-04-02T18:17:52","guid":{"rendered":"http:\/\/neu.hundefreunde-erbach.com\/?page_id=156"},"modified":"2018-04-27T17:19:09","modified_gmt":"2018-04-27T16:19:09","slug":"agility","status":"publish","type":"page","link":"http:\/\/www.hundefreunde-erbach.com\/?page_id=156","title":{"rendered":"Agility"},"content":{"rendered":"<p>\u201eTunnel durch\u201c und \u201eHopp\u201c<\/p>\n<p>Das Wort Agility stammt aus dem Englischen und bedeutet Behendigkeit oder Gewandtheit. Agility ist in erster Linie ein Geschicklichkeitssport. Der Hund bew\u00e4ltigt hier einen Parcours aus Spr\u00fcngen und Hindernissen wie Tunnel, Wippe, Slalom, Reifen, Laufsteg, Tisch oder A-Wand. Der Mensch weist ihm dabei nur mit K\u00f6rpersprache und Worten den richtigen Weg. Da der Parcours immer wieder anders verl\u00e4uft, muss Mensch sich nicht nur die richtige Reihenfolge der Hindernisse merken, sondern auch schnell reagieren, falls der Hund ein Hindernis anvisiert, das nicht an der Reihe ist. Agility fordert also Geist und K\u00f6rper von Vierbeinern und auch von uns Zweibeinern!<\/p>\n<p>Das Wichtigste im Training ist jedoch nicht die Schnelligkeit, sondern das korrekte und saubere Arbeiten an den Hindernissen.<\/p>\n<p>Neben dem Spa\u00dffaktor wird auch der Gehorsam und die Bindung des Mensch-Hund-Gespanns gefestigt. Der Hund lernt \u201espielerisch\u201c, sich ganz auf seinen Menschen zu konzentrieren und dessen Anweisungen zu folgen. Vertrauen und Bindung werden gest\u00e4rkt, was sich enorm positiv auf das allt\u00e4gliche Miteinander auswirkt!<\/p>\n<p>Auch k\u00f6nnen wir beobachten, dass unsichere Hunde durch gezieltes Training mehr Selbstvertrauen bekommen und die st\u00fcrmischen Vertreter lernen, ihr Temperament unter Kontrolle zu halten.<\/p>\n<p>In unseren Trainingsstunden herrscht eine lockere und entspannte Atmosph\u00e4re, denn wir betreiben Agility in unserer Freizeit, und diese wollen wir gemeinsam mit unseren Hunden auch angenehm verbringen.<\/p>\n<p>Auch k\u00f6nnen unsere Mitglieder an Agility-Turnieren teilnehmen. Voraussetzung daf\u00fcr ist die bestandene Begleithundepr\u00fcfung (Mindestalter hierf\u00fcr: 15 Monate). Auf Turnieren wird abh\u00e4ngig von Gr\u00f6\u00dfe des Hundes in drei Klassen gestartet:<\/p>\n<p style=\"padding-left: 90px;\">Mini =Small (S)= kleiner als Widerristh\u00f6he 35 cm.<\/p>\n<p style=\"padding-left: 90px;\">Medium = Midi (M) = ab 35 cm und kleiner als 43 cm<\/p>\n<p style=\"padding-left: 90px;\">Maxi = Large (L)= ab 43 cm Widerristh\u00f6he<\/p>\n<p>Zudem gibt es u.a. eine \u201eBeginner-Klasse\u201c ( mit niedrigeren Sprungh\u00f6hen und einfacherem Streckenverlauf) oder eine \u201eSenioren-Klasse\u201c( im Ermessen des Hundef\u00fchrers , Mindestalter des Hundes 6 Jahre)\u2026<\/p>\n<p>Voraussetzungen f\u00fcr Agility:<\/p>\n<p>Der Agility-Hund muss gesund sein (Check beim Tierarzt), er sollte bewegungsfreudig und sozialvertr\u00e4glich sein und bereits einen gewissen Grundgehorsam haben.<\/p>\n<p>Der Agility-Mensch sollte gut gelaunt und geduldig sein, seinen Hund motivieren, loben und sich glaubhaft mit ihm freuen k\u00f6nnen!<\/p>\n<p>Irgendwann f\u00e4ngt jeder mal an! Und irgendwo muss man ansetzen\u2026<\/p>\n<p>Wer sich nicht sicher ist, ob die Vorausetzungen erf\u00fcllt werden k\u00f6nnen, der sollte es einfach mal probieren\u2026. Dann sehen wir weiter\u2026<\/p>\n<p>\u00dcbungsleiterin: Sylvia V\u00f6lker<\/p>\n","protected":false},"excerpt":{"rendered":"<p>\u201eTunnel durch\u201c und \u201eHopp\u201c Das Wort Agility stammt aus dem Englischen und bedeutet Behendigkeit oder Gewandtheit. Agility ist in erster Linie ein Geschicklichkeitssport. Der Hund bew\u00e4ltigt hier einen Parcours aus Spr\u00fcngen und Hindernissen wie Tunnel, Wippe, Slalom, Reifen, Laufsteg, Tisch oder A-Wand. Der Mensch weist ihm dabei nur mit K\u00f6rpersprache und Worten den richtigen Weg. &hellip; <\/p>\n<p class=\"link-more\"><a href=\"http:\/\/www.hundefreunde-erbach.com\/?page_id=156\" class=\"more-link\"><span class=\"screen-reader-text\">\u201eAgility\u201c<\/span> weiterlesen<\/a><\/p>\n","protected":false},"author":1,"featured_media":0,"parent":32,"menu_order":0,"comment_status":"closed","ping_status":"closed","template":"","meta":{"_bbp_topic_count":0,"_bbp_reply_count":0,"_bbp_total_topic_count":0,"_bbp_total_reply_count":0,"_bbp_voice_count":0,"_bbp_anonymous_reply_count":0,"_bbp_topic_count_hidden":0,"_bbp_reply_count_hidden":0,"_bbp_forum_subforum_count":0,"footnotes":""},"class_list":["post-156","page","type-page","status-publish","hentry"],"_links":{"self":[{"href":"http:\/\/www.hundefreunde-erbach.com\/index.php?rest_route=\/wp\/v2\/pages\/156","targetHints":{"allow":["GET"]}}],"collection":[{"href":"http:\/\/www.hundefreunde-erbach.com\/index.php?rest_route=\/wp\/v2\/pages"}],"about":[{"href":"http:\/\/www.hundefreunde-erbach.com\/index.php?rest_route=\/wp\/v2\/types\/page"}],"author":[{"embeddable":true,"href":"http:\/\/www.hundefreunde-erbach.com\/index.php?rest_route=\/wp\/v2\/users\/1"}],"replies":[{"embeddable":true,"href":"http:\/\/www.hundefreunde-erbach.com\/index.php?rest_route=%2Fwp%2Fv2%2Fcomments&post=156"}],"version-history":[{"count":1,"href":"http:\/\/www.hundefreunde-erbach.com\/index.php?rest_route=\/wp\/v2\/pages\/156\/revisions"}],"predecessor-version":[{"id":157,"href":"http:\/\/www.hundefreunde-erbach.com\/index.php?rest_route=\/wp\/v2\/pages\/156\/revisions\/157"}],"up":[{"embeddable":true,"href":"http:\/\/www.hundefreunde-erbach.com\/index.php?rest_route=\/wp\/v2\/pages\/32"}],"wp:attachment":[{"href":"http:\/\/www.hundefreunde-erbach.com\/index.php?rest_route=%2Fwp%2Fv2%2Fmedia&parent=156"}],"curies":[{"name":"wp","href":"https:\/\/api.w.org\/{rel}","templated":true}]}}