{"id":1551,"date":"2024-01-02T17:50:06","date_gmt":"2024-01-02T16:50:06","guid":{"rendered":"http:\/\/www.hundefreunde-erbach.com\/?page_id=1551"},"modified":"2024-02-28T18:26:44","modified_gmt":"2024-02-28T17:26:44","slug":"oureweller-pamparenne","status":"publish","type":"page","link":"http:\/\/www.hundefreunde-erbach.com\/?page_id=1551","title":{"rendered":"1. Oureweller Pamparenne"},"content":{"rendered":"<p><strong><a href=\"http:\/\/www.hundefreunde-erbach.com\/wp-content\/uploads\/2024\/01\/Einladung.pdf\" target=\"_blank\" rel=\"noopener\"><img loading=\"lazy\" decoding=\"async\" class=\"aligncenter wp-image-1587 size-full\" title=\"Anklicken zum Download\" src=\"http:\/\/www.hundefreunde-erbach.com\/wp-content\/uploads\/2024\/01\/Einladung-pdf.jpg\" alt=\"\" width=\"1058\" height=\"1497\" \/><\/a>Veranstaltungsort:<\/strong> VfH Weiten-Ges\u00e4\u00df, ausgeschildert ab Eichenstra\u00dfe 45<\/p>\n<p><a href=\"https:\/\/maps.app.goo.gl\/y3ubSjDirjb9Uri39\" target=\"_blank\" rel=\"noopener\">https:\/\/maps.app.goo.gl\/y3ubSjDirjb9Uri39<\/a><\/p>\n<p><strong>Strecken:<\/strong><\/p>\n<p><img loading=\"lazy\" decoding=\"async\" class=\"aligncenter size-full wp-image-1566\" src=\"http:\/\/www.hundefreunde-erbach.com\/wp-content\/uploads\/2024\/01\/Alle-Strecken-1-scaled.jpg\" alt=\"\" width=\"2560\" height=\"1686\" srcset=\"http:\/\/www.hundefreunde-erbach.com\/wp-content\/uploads\/2024\/01\/Alle-Strecken-1-scaled.jpg 2560w, http:\/\/www.hundefreunde-erbach.com\/wp-content\/uploads\/2024\/01\/Alle-Strecken-1-300x198.jpg 300w, http:\/\/www.hundefreunde-erbach.com\/wp-content\/uploads\/2024\/01\/Alle-Strecken-1-1024x674.jpg 1024w, http:\/\/www.hundefreunde-erbach.com\/wp-content\/uploads\/2024\/01\/Alle-Strecken-1-768x506.jpg 768w, http:\/\/www.hundefreunde-erbach.com\/wp-content\/uploads\/2024\/01\/Alle-Strecken-1-1536x1011.jpg 1536w, http:\/\/www.hundefreunde-erbach.com\/wp-content\/uploads\/2024\/01\/Alle-Strecken-1-2048x1349.jpg 2048w\" sizes=\"auto, (max-width: 767px) 89vw, (max-width: 1000px) 54vw, (max-width: 1071px) 543px, 580px\" \/><\/p>\n<p>&nbsp;<\/p>\n<p><strong>Zeitplan:\u00a0 <\/strong><\/p>\n<ul>\n<li>9:00 Uhr VO-B + BH Anschlie\u00dfend VO-A + BH Vertr\u00e4glichkeitspr\u00fcfung<\/li>\n<li>GL5 ca. 10:30 Uhr<\/li>\n<li>GL2 ca. 11:15 Uhr<\/li>\n<li>GL1 ca. 12:15 Uhr<\/li>\n<\/ul>\n<p><strong>Wertungsliste:<\/strong><a href=\"http:\/\/www.hundefreunde-erbach.com\/wp-content\/uploads\/2024\/02\/THS-Turnier-250224-GL.pdf\" target=\"_blank\" rel=\"noopener\"><img loading=\"lazy\" decoding=\"async\" class=\"aligncenter wp-image-1592 size-full\" title=\"Anklicken zum Download\" src=\"http:\/\/www.hundefreunde-erbach.com\/wp-content\/uploads\/2024\/02\/THS-Turnier-250224-GL-rotated.jpg\" alt=\"\" width=\"1058\" height=\"1497\" \/>Bilder<\/a><img loading=\"lazy\" decoding=\"async\" class=\"aligncenter size-full wp-image-1609\" src=\"http:\/\/www.hundefreunde-erbach.com\/wp-content\/uploads\/2024\/02\/20240225_150146-scaled.jpg\" alt=\"\" width=\"2560\" height=\"1920\" srcset=\"http:\/\/www.hundefreunde-erbach.com\/wp-content\/uploads\/2024\/02\/20240225_150146-scaled.jpg 2560w, http:\/\/www.hundefreunde-erbach.com\/wp-content\/uploads\/2024\/02\/20240225_150146-300x225.jpg 300w, http:\/\/www.hundefreunde-erbach.com\/wp-content\/uploads\/2024\/02\/20240225_150146-1024x768.jpg 1024w, http:\/\/www.hundefreunde-erbach.com\/wp-content\/uploads\/2024\/02\/20240225_150146-768x576.jpg 768w, http:\/\/www.hundefreunde-erbach.com\/wp-content\/uploads\/2024\/02\/20240225_150146-1536x1152.jpg 1536w, http:\/\/www.hundefreunde-erbach.com\/wp-content\/uploads\/2024\/02\/20240225_150146-2048x1536.jpg 2048w\" sizes=\"auto, (max-width: 767px) 89vw, (max-width: 1000px) 54vw, (max-width: 1071px) 543px, 580px\" \/><\/p>\n<p>Bis zum 17.03.2024 k\u00f6nnt ihr euch die Bilder unter folgendem Link herunterladen: <a href=\"https:\/\/drive.google.com\/drive\/folders\/1V2W2-2kAqgBMOmG6mH_aG-9P9jorHIWh\" target=\"_blank\" rel=\"noopener\">https:\/\/drive.google.com\/drive\/folders\/1V2W2-2kAqgBMOmG6mH_aG-9P9jorHIWh<\/a><\/p>\n<p>Unterst\u00fctzt durch <a href=\"http:\/\/www.wildborn.com\" target=\"_blank\" rel=\"noopener\"><img loading=\"lazy\" decoding=\"async\" class=\"aligncenter wp-image-1596 size-full\" src=\"http:\/\/www.hundefreunde-erbach.com\/wp-content\/uploads\/2024\/01\/logo_wildborn_600x140.jpg\" alt=\"\" width=\"600\" height=\"140\" srcset=\"http:\/\/www.hundefreunde-erbach.com\/wp-content\/uploads\/2024\/01\/logo_wildborn_600x140.jpg 600w, http:\/\/www.hundefreunde-erbach.com\/wp-content\/uploads\/2024\/01\/logo_wildborn_600x140-300x70.jpg 300w\" sizes=\"auto, (max-width: 600px) 100vw, 600px\" \/><\/a><\/p>\n","protected":false},"excerpt":{"rendered":"<p>Veranstaltungsort: VfH Weiten-Ges\u00e4\u00df, ausgeschildert ab Eichenstra\u00dfe 45 https:\/\/maps.app.goo.gl\/y3ubSjDirjb9Uri39 Strecken: &nbsp; Zeitplan:\u00a0 9:00 Uhr VO-B + BH Anschlie\u00dfend VO-A + BH Vertr\u00e4glichkeitspr\u00fcfung GL5 ca. 10:30 Uhr GL2 ca. 11:15 Uhr GL1 ca. 12:15 Uhr Wertungsliste:Bilder Bis zum 17.03.2024 k\u00f6nnt ihr euch die Bilder unter folgendem Link herunterladen: https:\/\/drive.google.com\/drive\/folders\/1V2W2-2kAqgBMOmG6mH_aG-9P9jorHIWh Unterst\u00fctzt durch<\/p>\n","protected":false},"author":9,"featured_media":0,"parent":29,"menu_order":1,"comment_status":"closed","ping_status":"closed","template":"","meta":{"_bbp_topic_count":0,"_bbp_reply_count":0,"_bbp_total_topic_count":0,"_bbp_total_reply_count":0,"_bbp_voice_count":0,"_bbp_anonymous_reply_count":0,"_bbp_topic_count_hidden":0,"_bbp_reply_count_hidden":0,"_bbp_forum_subforum_count":0,"footnotes":""},"class_list":["post-1551","page","type-page","status-publish","hentry"],"_links":{"self":[{"href":"http:\/\/www.hundefreunde-erbach.com\/index.php?rest_route=\/wp\/v2\/pages\/1551","targetHints":{"allow":["GET"]}}],"collection":[{"href":"http:\/\/www.hundefreunde-erbach.com\/index.php?rest_route=\/wp\/v2\/pages"}],"about":[{"href":"http:\/\/www.hundefreunde-erbach.com\/index.php?rest_route=\/wp\/v2\/types\/page"}],"author":[{"embeddable":true,"href":"http:\/\/www.hundefreunde-erbach.com\/index.php?rest_route=\/wp\/v2\/users\/9"}],"replies":[{"embeddable":true,"href":"http:\/\/www.hundefreunde-erbach.com\/index.php?rest_route=%2Fwp%2Fv2%2Fcomments&post=1551"}],"version-history":[{"count":14,"href":"http:\/\/www.hundefreunde-erbach.com\/index.php?rest_route=\/wp\/v2\/pages\/1551\/revisions"}],"predecessor-version":[{"id":1611,"href":"http:\/\/www.hundefreunde-erbach.com\/index.php?rest_route=\/wp\/v2\/pages\/1551\/revisions\/1611"}],"up":[{"embeddable":true,"href":"http:\/\/www.hundefreunde-erbach.com\/index.php?rest_route=\/wp\/v2\/pages\/29"}],"wp:attachment":[{"href":"http:\/\/www.hundefreunde-erbach.com\/index.php?rest_route=%2Fwp%2Fv2%2Fmedia&parent=1551"}],"curies":[{"name":"wp","href":"https:\/\/api.w.org\/{rel}","templated":true}]}}