{"id":150,"date":"2018-04-02T19:14:59","date_gmt":"2018-04-02T18:14:59","guid":{"rendered":"http:\/\/neu.hundefreunde-erbach.com\/?page_id=150"},"modified":"2019-07-08T13:25:50","modified_gmt":"2019-07-08T12:25:50","slug":"ths","status":"publish","type":"page","link":"http:\/\/www.hundefreunde-erbach.com\/?page_id=150","title":{"rendered":"THS"},"content":{"rendered":"<p>Der Turnierhundsport, fr\u00fcher auch als Breitensport bezeichnet, wurde 1970 beim HSV M\u00fchlacker &#8222;erfunden&#8220;.<br \/>\nDie bekanntesten Varianten sind der Vierkampf (VK1 + VK2) und der Gel\u00e4ndelauf. Weitere Varianten des Turnierhundsportes sind: Combinations-Speed-Cup(CSC), Qualifikations-Speed-Cup (QSC), Shorty und Einzel-Hindernislauf (aufgeteilt f\u00fcr Hunde bis 50 cm und \u00fcber 50 cm Schulterh\u00f6he).<br \/>\nIn unseren \u00dcbungsstunden werden alle Disziplinen miteinander verbunden, um den Teilnehmern m\u00f6glichst viel Abwechslung zu bieten sowie die Scheu vor neuen Parcours zu nehmen.<\/p>\n<p>Dabei ber\u00fccksichtigen die \u00dcbungsleiter immer die gew\u00fcnschte Ausrichtung des Teams in Hinblick auf Sport &amp; Spiel oder Wettkampf.<br \/>\nHier ein Einblick in die Wettkampfdisziplinen:<\/p>\n<p><strong>Vierkampf<\/strong><br \/>\nZum VK1 und VK2 geh\u00f6ren folgende Wettkampfteile dazu: Gehorsams\u00fcbung, H\u00fcrdenlauf, Slalom und Hindernislauf<br \/>\nDie Gehorsamspr\u00fcfung beim Vierkampf I gleicht in etwa der Begleithundepr\u00fcfung, also Leinenf\u00fchrigkeit, Freifolge, &#8222;Sitz&#8220; und &#8222;Platz&#8220; jeweils aus der Bewegung. Beim Vierkampf II werden alle \u00dcbungen &#8222;in Freifolge&#8220; (ohne Leine) gezeigt. Der Hund muss zus\u00e4tzlich aus der Bewegung in das &#8222;Steh&#8220; gebracht werden.<br \/>\nBeim H\u00fcrdenlauf springt der Hund auf einer Laufstrecke von 50 Metern \u00fcber drei 40 cm hohe und 1 m breite H\u00fcrden. Dabei laufen Hund und Hundef\u00fchrer immer parallel nebeneinander (Vierkampf I).<\/p>\n<p>Beim Vierkampf II \u00fcberspringt der Hundef\u00fchrer selbst auch die H\u00fcrden. Die Laufstrecke betr\u00e4gt hier insgesamt 80 Meter (mit Wendepunkt nach 40 Metern).<\/p>\n<p>Der Slalom f\u00fchrt \u00fcber eine Strecke von 75 Metern. Hundef\u00fchrer und Hund durchlaufen dabei insgesamt 7 Stangentore. Start- und Zieltor sowie 5 weitere Tore, die im &#8222;Zick-Zack-Kurs&#8220; aufgestellt sind. Dabei kann der Hund mit oder ohne Leine gef\u00fchrt werden.<\/p>\n<p><img loading=\"lazy\" decoding=\"async\" class=\"aligncenter wp-image-153 size-medium\" src=\"http:\/\/neu.hundefreunde-erbach.com\/wp-content\/uploads\/2018\/04\/big_20655542_0_300-200-300x200.jpg\" alt=\"\" width=\"300\" height=\"200\" \/><\/p>\n<p>Der Hindernislauf ist eine 75 m lange, immer gleiche Hindernisbahn mit 8 verschiedenen Hindernissen (H\u00fcrde 50 cm \/ Schr\u00e4gwand 1,40 m hoch \/ Tunnel 3,50 m \/ Laufdiele 4,50 m \/ Tonne 0,8 m Durchmesser \/ Reifen \/ Hoch-Weitsprung (1 m weit, 1 m breit, 35 cm H\u00f6he) \/ H\u00fcrde 45 cm), die in gerader Linie oder in L-Form aufgebaut ist. Der Hund \u00fcberwindet die Hindernisse w\u00e4hrend der Hundef\u00fchrer rechts von ihm mitl\u00e4uft.<\/p>\n<p><img loading=\"lazy\" decoding=\"async\" class=\"size-medium wp-image-152 aligncenter\" src=\"http:\/\/neu.hundefreunde-erbach.com\/wp-content\/uploads\/2018\/04\/big_46916748_0_300-200-300x200.jpg\" alt=\"\" width=\"300\" height=\"200\" \/><\/p>\n<p>Bei alle Laufdisziplinen erfolgt die Bewertung nach Laufzeit und Fehlerpunkten. Wird im VK I die \u00dcbung &#8222;in Freifolge&#8220; gezeigt, gibt es 10 zus\u00e4tzliche Punkte.<\/p>\n<p><strong>Gel\u00e4ndelauf<\/strong><br \/>\nDer Gel\u00e4ndelauf f\u00fchrt \u00fcber 2000 m oder 5000 m. Der Hund ist dabei angeleint. Dabei wird es als nicht fehlerhaft gewertet, wenn der Hund den Mensch zieht.<\/p>\n<p><strong>Combinations-Speed-Cup(CSC)<\/strong><br \/>\nQualifikations-Speed-Cup (QSC), und Shorty sind Mannschaftssportarten, in denen zwei oder mehrere Teams an den Start gehen, um einen vorgegebenen Parcours zu absolvieren.<\/p>\n<p>\u00dcbungsleiterin: Theresa Vogtl\u00e4nder<\/p>\n","protected":false},"excerpt":{"rendered":"<p>Der Turnierhundsport, fr\u00fcher auch als Breitensport bezeichnet, wurde 1970 beim HSV M\u00fchlacker &#8222;erfunden&#8220;. Die bekanntesten Varianten sind der Vierkampf (VK1 + VK2) und der Gel\u00e4ndelauf. Weitere Varianten des Turnierhundsportes sind: Combinations-Speed-Cup(CSC), Qualifikations-Speed-Cup (QSC), Shorty und Einzel-Hindernislauf (aufgeteilt f\u00fcr Hunde bis 50 cm und \u00fcber 50 cm Schulterh\u00f6he). In unseren \u00dcbungsstunden werden alle Disziplinen miteinander verbunden, &hellip; <\/p>\n<p class=\"link-more\"><a href=\"http:\/\/www.hundefreunde-erbach.com\/?page_id=150\" class=\"more-link\"><span class=\"screen-reader-text\">\u201eTHS\u201c<\/span> weiterlesen<\/a><\/p>\n","protected":false},"author":1,"featured_media":0,"parent":32,"menu_order":0,"comment_status":"closed","ping_status":"closed","template":"","meta":{"_bbp_topic_count":0,"_bbp_reply_count":0,"_bbp_total_topic_count":0,"_bbp_total_reply_count":0,"_bbp_voice_count":0,"_bbp_anonymous_reply_count":0,"_bbp_topic_count_hidden":0,"_bbp_reply_count_hidden":0,"_bbp_forum_subforum_count":0,"footnotes":""},"class_list":["post-150","page","type-page","status-publish","hentry"],"_links":{"self":[{"href":"http:\/\/www.hundefreunde-erbach.com\/index.php?rest_route=\/wp\/v2\/pages\/150","targetHints":{"allow":["GET"]}}],"collection":[{"href":"http:\/\/www.hundefreunde-erbach.com\/index.php?rest_route=\/wp\/v2\/pages"}],"about":[{"href":"http:\/\/www.hundefreunde-erbach.com\/index.php?rest_route=\/wp\/v2\/types\/page"}],"author":[{"embeddable":true,"href":"http:\/\/www.hundefreunde-erbach.com\/index.php?rest_route=\/wp\/v2\/users\/1"}],"replies":[{"embeddable":true,"href":"http:\/\/www.hundefreunde-erbach.com\/index.php?rest_route=%2Fwp%2Fv2%2Fcomments&post=150"}],"version-history":[{"count":3,"href":"http:\/\/www.hundefreunde-erbach.com\/index.php?rest_route=\/wp\/v2\/pages\/150\/revisions"}],"predecessor-version":[{"id":1096,"href":"http:\/\/www.hundefreunde-erbach.com\/index.php?rest_route=\/wp\/v2\/pages\/150\/revisions\/1096"}],"up":[{"embeddable":true,"href":"http:\/\/www.hundefreunde-erbach.com\/index.php?rest_route=\/wp\/v2\/pages\/32"}],"wp:attachment":[{"href":"http:\/\/www.hundefreunde-erbach.com\/index.php?rest_route=%2Fwp%2Fv2%2Fmedia&parent=150"}],"curies":[{"name":"wp","href":"https:\/\/api.w.org\/{rel}","templated":true}]}}