{"id":14,"date":"2018-03-24T11:51:50","date_gmt":"2018-03-24T10:51:50","guid":{"rendered":"http:\/\/neu.hundefreunde-erbach.com\/?page_id=14"},"modified":"2021-10-19T10:50:15","modified_gmt":"2021-10-19T09:50:15","slug":"verband","status":"publish","type":"page","link":"http:\/\/www.hundefreunde-erbach.com\/?page_id=14","title":{"rendered":"Verband"},"content":{"rendered":"<p>Verbandszugeh\u00f6rigkeit<\/p>\n<p>Unser Verein der Hundefreunde Erbach e.V. ist Mitglied im<br \/>\nHundesportverband Rhein-Main e.V. Kurz: HSVRM<\/p>\n<p><a href=\"https:\/\/www.hsvrm.de\/\" target=\"_blank\" rel=\"noopener\"><img loading=\"lazy\" decoding=\"async\" class=\"alignnone size-full wp-image-147\" src=\"http:\/\/www.hundefreunde-erbach.com\/wp-content\/uploads\/2018\/04\/45335933.jpg\" alt=\"\" width=\"228\" height=\"91\" data-wp-editing=\"1\" \/><\/a><\/p>\n<p>Dies berechtigt zur Teilnahme an Hundesportturnieren und Wettk\u00e4mpfen.<br \/>\nIm HSVRM sind mehr als 200 Hundesportvereine zusammengeschlossen,<br \/>\ndie nach ihrer Satzung ausschlie\u00dflich \u201eSport mit dem Hund\u201c betreiben.<\/p>\n<p>Die T\u00e4tigkeit der Hundesportverbands Rhein-Main (HSVRM) kann in folgende Bereiche unterteilt werden:<br \/>\n&#8211; die Ausbildung der Hunde zum Gebrauchshund, F\u00e4hrtenhund, Wachhund<br \/>\noder Begleithund<br \/>\n&#8211; den Turnierhundsport (THS)<br \/>\nmit Vierkampf, Hindernislauf, 2000m- oder 5000m-Gel\u00e4ndelauf<br \/>\n&#8211; den Agilitysport<br \/>\n&#8211; den Team-Test<br \/>\n&#8211; die Obedience Ausbildung<br \/>\n&#8211; Rallye-Obedience<br \/>\n&#8211; Flyball<br \/>\n&#8211; die Jugendarbeit im hundesportlichen Bereich<\/p>\n<p>Der HSVRM ist \u00fcber den deutschen Hundesportverband (dhv) Mitglied im Verband f\u00fcr das Deutsche Hundewesen (VDH) und vertritt die Interessen von \u00fcber 20 000 Hundesportlern der angeschlossenen Vereine.<\/p>\n<p>Die \u00fcber 200 Mitgliedsvereine des HSVRM sind in 11 Kreisgruppen zusammengefasst.<br \/>\nUnser Verein geh\u00f6rt zur Kreisgruppe 8.<\/p>\n<p>Die Mitgliedsvereine der KG 8 sind:<br \/>\n&#8211; Hundefreunde Erbach e.V.<br \/>\n&#8211; Verein der Hundesportler F\u00fcrth<br \/>\n&#8211; Verein f\u00fcr Schutz-und Gebrauchshunde Gersprenztal-Reichelsheim<br \/>\n&#8211; Polizei- und Schutzhundeverein Gro\u00dfheubach e.V.<br \/>\n&#8211; Verein der Hundefreunde Michelstadt<br \/>\n&#8211; Verein der Hundefreunde Miltenberg<br \/>\n&#8211; VfH M\u00f6rlenbach<br \/>\n&#8211; Verein der Hundefreunde Rimbach<br \/>\n&#8211; Sport- und Gebrauchshundeverein Wald-Michelbach<br \/>\n&#8211; Verein f\u00fcr Hundefreunde Weiten-Ges\u00e4\u00df<br \/>\n&#8211; Hundesport- und Spa\u00dfverein Bunte Hunde Neubrunn<br \/>\n&#8211; IG Hundefreunde Rimpar e.V.<br \/>\n&#8211; Agility Smiley Dogs Odenwald M\u00f6rlenbach<\/p>\n","protected":false},"excerpt":{"rendered":"<p>Verbandszugeh\u00f6rigkeit Unser Verein der Hundefreunde Erbach e.V. ist Mitglied im Hundesportverband Rhein-Main e.V. Kurz: HSVRM Dies berechtigt zur Teilnahme an Hundesportturnieren und Wettk\u00e4mpfen. Im HSVRM sind mehr als 200 Hundesportvereine zusammengeschlossen, die nach ihrer Satzung ausschlie\u00dflich \u201eSport mit dem Hund\u201c betreiben. Die T\u00e4tigkeit der Hundesportverbands Rhein-Main (HSVRM) kann in folgende Bereiche unterteilt werden: &#8211; die &hellip; <\/p>\n<p class=\"link-more\"><a href=\"http:\/\/www.hundefreunde-erbach.com\/?page_id=14\" class=\"more-link\"><span class=\"screen-reader-text\">\u201eVerband\u201c<\/span> weiterlesen<\/a><\/p>\n","protected":false},"author":1,"featured_media":0,"parent":9,"menu_order":2,"comment_status":"closed","ping_status":"closed","template":"","meta":{"_bbp_topic_count":0,"_bbp_reply_count":0,"_bbp_total_topic_count":0,"_bbp_total_reply_count":0,"_bbp_voice_count":0,"_bbp_anonymous_reply_count":0,"_bbp_topic_count_hidden":0,"_bbp_reply_count_hidden":0,"_bbp_forum_subforum_count":0,"footnotes":""},"class_list":["post-14","page","type-page","status-publish","hentry"],"_links":{"self":[{"href":"http:\/\/www.hundefreunde-erbach.com\/index.php?rest_route=\/wp\/v2\/pages\/14","targetHints":{"allow":["GET"]}}],"collection":[{"href":"http:\/\/www.hundefreunde-erbach.com\/index.php?rest_route=\/wp\/v2\/pages"}],"about":[{"href":"http:\/\/www.hundefreunde-erbach.com\/index.php?rest_route=\/wp\/v2\/types\/page"}],"author":[{"embeddable":true,"href":"http:\/\/www.hundefreunde-erbach.com\/index.php?rest_route=\/wp\/v2\/users\/1"}],"replies":[{"embeddable":true,"href":"http:\/\/www.hundefreunde-erbach.com\/index.php?rest_route=%2Fwp%2Fv2%2Fcomments&post=14"}],"version-history":[{"count":6,"href":"http:\/\/www.hundefreunde-erbach.com\/index.php?rest_route=\/wp\/v2\/pages\/14\/revisions"}],"predecessor-version":[{"id":1333,"href":"http:\/\/www.hundefreunde-erbach.com\/index.php?rest_route=\/wp\/v2\/pages\/14\/revisions\/1333"}],"up":[{"embeddable":true,"href":"http:\/\/www.hundefreunde-erbach.com\/index.php?rest_route=\/wp\/v2\/pages\/9"}],"wp:attachment":[{"href":"http:\/\/www.hundefreunde-erbach.com\/index.php?rest_route=%2Fwp%2Fv2%2Fmedia&parent=14"}],"curies":[{"name":"wp","href":"https:\/\/api.w.org\/{rel}","templated":true}]}}