{"id":130,"date":"2018-04-02T18:45:25","date_gmt":"2018-04-02T17:45:25","guid":{"rendered":"http:\/\/neu.hundefreunde-erbach.com\/?page_id=130"},"modified":"2025-06-26T12:31:05","modified_gmt":"2025-06-26T11:31:05","slug":"home","status":"publish","type":"page","link":"http:\/\/www.hundefreunde-erbach.com\/","title":{"rendered":"Home"},"content":{"rendered":"<h2 style=\"text-align: center;\"><strong>Herzlich Willkommen<\/strong><\/h2>\n<p style=\"text-align: center;\">Wir begr\u00fc\u00dfen Sie auf der Internetseite der<\/p>\n<h1 style=\"text-align: center;\"><strong>Hundefreunde Erbach e.V.<\/strong><\/h1>\n<p>&nbsp;<\/p>\n<p style=\"text-align: center;\"><style>#pano1246 div.pnlm-orientation-button {\n                    display: none;\n                }\n            .wpvr-floor-map .floor-plan-pointer.add-pulse:before {\n                border: 17px solid #cca92c;\n            }\n            @-webkit-keyframes pulse {\n                0% {\n                    -webkit-box-shadow: 0 0 0 0 rgba(204, 169, 44, 0.7);\n                }\n                70% {\n                    -webkit-box-shadow: 0 0 0 10px rgba(204, 169, 44, 0);\n                }\n                100% {\n                    -webkit-box-shadow: 0 0 0 0 rgba(204, 169, 44, 0);\n                }\n            }\n            @keyframes pulse {\n            0% {\n                -moz-box-shadow: 0 0 0 0 rgba(204, 169, 44, 0.7);\n                box-shadow: 0 0 0 0 rgba(204, 169, 44, 0.7);\n            }\n            70% {\n                -moz-box-shadow: 0 0 0 10px rgba(204, 169, 44, 0);\n                box-shadow: 0 0 0 10px rgba(204, 169, 44, 0);\n            }\n            100% {\n                -moz-box-shadow: 0 0 0 0 rgba(204, 169, 44, 0);\n                box-shadow: 0 0 0 0 rgba(204, 169, 44, 0);\n            }\n        }<\/style><div id=\"master-container\" class=\"wpvr-cardboard \" style=\"max-width:600px; width: 100%; height: 400px; border-radius:; direction:ltr; \"><div id=\"pano21246\" class=\"pano-wrap pano-left\" style=\"width: 49%; border-radius:\"><div id=\"center-pointer21246\" class=\"vr-pointer-container\"><span class=\"center-pointer\"><\/span><\/div><\/div><div id=\"pano1246\" class=\"pano-wrap pano-right\" style=\"width: 100%;\"><div class=\"explainer\" id=\"explainer1246\" style=\"display: none\"><span class=\"close-explainer-video\"><i class=\"fa fa-times\"><\/i><\/span><\/div><div class=\"wpvr-floor-map\" id=\"wpvr-floor-map1246\" style=\"display: none\"><span class=\"close-floor-map-plan\"><i class=\"fa fa-times\"><\/i><\/span><img decoding=\"async\" loading=\"lazy\" src=\"\"><\/div><div class=\"wpvr-hotspot-tweak-contents-wrapper\" style=\"display: none\"><i class=\"fa fa-times cross\" data-id=\"1246\"><\/i><div class=\"wpvr-hotspot-tweak-contents-flex\"><div class=\"wpvr-hotspot-tweak-contents\"><\/div><\/div><\/div><div class=\"custom-ifram-wrapper\" style=\"display: none;\"><i class=\"fa fa-times cross\" data-id=\"1246\"><\/i><div class=\"custom-ifram-flex\"><div class=\"custom-ifram\"><\/div><\/div><\/div><\/div><\/div><script>(function ($) {jQuery(document).ready(function() {var response = [{\"panoid\":\"pano1246\"},{\"autoLoad\":true,\"showControls\":true,\"orientationSupport\":\"false\",\"compass\":false,\"orientationOnByDefault\":false,\"mouseZoom\":true,\"draggable\":true,\"disableKeyboardCtrl\":false,\"keyboardZoom\":true,\"preview\":\"http:\\\/\\\/www.hundefreunde-erbach.com\\\/wp-content\\\/uploads\\\/2022\\\/05\\\/Trainingsgelaende-scaled.jpg\",\"autoRotate\":\"-5\",\"default\":{\"firstScene\":\"Platz\",\"sceneFadeDuration\":\"\"},\"scenes\":{\"Platz\":{\"type\":\"equirectangular\",\"panorama\":\"http:\\\/\\\/www.hundefreunde-erbach.com\\\/wp-content\\\/uploads\\\/2020\\\/07\\\/Trainingsgelaende.jpg\",\"pitch\":null,\"yaw\":null,\"hfov\":100,\"maxHfov\":120,\"minHfov\":50,\"vaov\":180,\"haov\":360,\"hotSpots\":[]}}}];var scenes = response[1];if(scenes) {var scenedata = scenes.scenes;for(var i in scenedata) {var scenehotspot = scenedata[i].hotSpots;for(var i = 0; i < scenehotspot.length; i++) {if(scenehotspot[i].type === \"info\") {    scenehotspot[i][\"clickHandlerFunc\"] = wpvrhotspot;} else if(scenehotspot[i].type === \"scene\") {    scenehotspot[i][\"clickHandlerArgs\"] = scenehotspot[i][\"text\"];}if(scenehotspot[i][\"createTooltipArgs\"] != \"\") {scenehotspot[i][\"createTooltipFunc\"] = wpvrtooltip;}}}}var panoshow1246 = pannellum.viewer(response[0][\"panoid\"], scenes);\n  \n        if(!wpvr_public.is_pro_active || !wpvr_public.is_license_active) {\n            panoshow1246.on(\"load\", function() {\n                jQuery(\".pnlm-panorama-info\").hide();\n                jQuery(\".pnlm-compass\").hide();\n            });\n            \n            panoshow1246.on(\"scenechange\", function() {\n                jQuery(\".pnlm-panorama-info\").hide();\n                jQuery(\".pnlm-compass\").hide();\n            });\n        }var response_duplicate = [{\"panoid\":\"pano1246\"},{\"autoLoad\":true,\"showControls\":true,\"orientationSupport\":\"false\",\"compass\":false,\"orientationOnByDefault\":false,\"mouseZoom\":true,\"draggable\":true,\"disableKeyboardCtrl\":false,\"keyboardZoom\":true,\"preview\":\"http:\\\/\\\/www.hundefreunde-erbach.com\\\/wp-content\\\/uploads\\\/2022\\\/05\\\/Trainingsgelaende-scaled.jpg\",\"autoRotate\":false,\"default\":{\"firstScene\":\"Platz\",\"sceneFadeDuration\":\"\"},\"scenes\":{\"Platz\":{\"type\":\"equirectangular\",\"panorama\":\"http:\\\/\\\/www.hundefreunde-erbach.com\\\/wp-content\\\/uploads\\\/2020\\\/07\\\/Trainingsgelaende.jpg\",\"pitch\":null,\"yaw\":null,\"hfov\":100,\"maxHfov\":120,\"minHfov\":50,\"vaov\":180,\"haov\":360,\"hotSpots\":[]}}}];var scenes_duplicate = response_duplicate[1];if(scenes_duplicate) {var scenedata = scenes_duplicate.scenes;for(var i in scenedata) {var scenehotspot = scenedata[i].hotSpots;for(var i = 0; i < scenehotspot.length; i++) {if(scenehotspot[i][\"clickHandlerArgs\"] != \"\") {scenehotspot[i][\"clickHandlerFunc\"] = wpvrhotspot;}if(scenehotspot[i][\"createTooltipArgs\"] != \"\") {scenehotspot[i][\"createTooltipFunc\"] = wpvrtooltip;}}}}var vr_mode = \"off\";jQuery(\"#pano1246 .wpvr-floor-map .floor-plan-pointer\").on(\"click\",function(){\n           var scene_id = jQuery(this).attr(\"scene_id\");\n           panoshow1246.loadScene(scene_id)\n           jQuery(\".floor-plan-pointer\").removeClass(\"add-pulse\")\n           jQuery(this).addClass(\"add-pulse\")\n        });panoshow1246.on(\"mousemove\", function (data){\n            jQuery(\".add-pulse\").css({\"transform\":\"rotate(\"+data.yaw+\"deg)\"});\n        });\n    const node = document.querySelector(\".add-pulse\");\n        panoshow1246.on(\"compasschange\", function (data){\n            \/\/ const node = document.querySelector(\".add-pulse\");\n            \/\/ node.style.transform = data;\n            \/\/ jQuery(\".add-pulse\").css({\"transform\":data});\n            });panoshow1246.on(\"load\", function (){\n            \/\/ if(localStorage.getItem(\"vr_mode\") == \"off\") {\n            if(vr_mode == \"off\") {\n                  jQuery(\".vr-mode-title\").hide();\n                } else {\n                jQuery(\"#pano21246 .pnlm-compass.pnlm-controls.pnlm-control\").css(\"display\",\"none\");\n                jQuery(\"#pano1246 .pnlm-compass.pnlm-controls.pnlm-control\").css(\"display\",\"none\");\n                jQuery(\"#pano21246 .pnlm-panorama-info\").hide();\n                jQuery(\"#pano1246 .pnlm-panorama-info\").hide();\n                jQuery(\".vr-mode-title\").show();\n             }\n            setTimeout(() => {\n                window.dispatchEvent(new Event(\"resize\"));\n            }, 200);\n\t\t\t\t\t\tif (jQuery(\"#pano1246\").children().children(\".pnlm-panorama-info:visible\").length > 0) {\n\t               jQuery(\"#controls1246\").css(\"bottom\", \"80px\");\n\t           }\n\t           else {\n\t             jQuery(\"#controls1246\").css(\"bottom\", \"5px\");\n\t           }\n\t\t\t\t\t});panoshow1246.on(\"render\", function (){\n              window.dispatchEvent(new Event(\"resize\"));\n            });if (scenes.autoRotate) {\n\t\t\t\t\t\tpanoshow1246.on(\"load\", function (){\n\t\t\t\t\t\t setTimeout(function(){ panoshow1246.startAutoRotate(scenes.autoRotate, 0); }, 3000);\n\t\t\t\t\t\t});\n\t\t\t\t\t\tpanoshow1246.on(\"scenechange\", function (){\n\t\t\t\t\t\t setTimeout(function(){ panoshow1246.startAutoRotate(scenes.autoRotate, 0); }, 3000);\n\t\t\t\t\t\t});\n\t\t\t\t\t}var touchtime = 0;jQuery(document).on(\"click\",\"#explainer_button_1246\",function() {\n                    jQuery(\"#explainer1246\").slideToggle(function(){\n                    var $explainerVideoId = jQuery(\"#explainer1246\");\n                    var $explainerVideoIframe = $explainerVideoId.find(\"iframe\");\n                    var explainerVideoIframSrc = $explainerVideoIframe.attr(\"src\");\n                    $explainerVideoIframe.attr(\"src\", \"\");\n                    $explainerVideoIframe.attr(\"src\", explainerVideoIframSrc);\n        });\n            });\n            jQuery(document).on(\"click\", \".close-explainer-video\", function() {\n              var $explainer = jQuery(this).parent(\".explainer\");\n              var $iframe = $explainer.find(\"iframe\");\n              var el_src = $iframe.attr(\"src\");\n              $iframe.attr(\"src\", \"\");\n              $explainer.hide();\n              $iframe.attr(\"src\", el_src);\n            });\n      jQuery(document).on(\"click\",\"#pano1246\",function(event) {\n        var isActiveModal = event.target.closest(\".custom-ifram-wrapper\");\n        var isForm = event.target.closest(\".wpvr-hotspot-tweak-contents\");\n        var isHotspot = event.target.closest(\".pnlm-hotspot-base\");\n        if( isActiveModal == null && isForm == null && isHotspot == null){\n             jQuery(\".custom-ifram-wrapper .custom-ifram\").empty();\n             jQuery(\".custom-ifram-wrapper\").hide();\n             jQuery(this).removeClass(\"show-modal\");\n             jQuery(\".wpvr-hotspot-tweak-contents-wrapper\").hide(\"show-modal\");\n        }else if(isForm != null){\n            jQuery(this).addClass(\"show-modal\");\n        }\n      });jQuery(document).on(\"click\",\"#floor_map_button_1246\",function() {\n                jQuery(\"#wpvr-floor-map1246\").toggle().removeClass(\"fullwindow\");\n              });\n              jQuery(document).on(\"dblclick\",\"#wpvr-floor-map1246\",function(){\n                jQuery(this).addClass(\"fullwindow\");\n                jQuery(this).parents(\".pano-wrap\").addClass(\"show-modal\");\n              });\n              jQuery(document).on(\"click\",\".close-floor-map-plan\",function() {\n                jQuery(this).parent(\".wpvr-floor-map\").hide();\n                jQuery(this).parent(\".wpvr-floor-map\").removeClass(\"fullwindow\");\n                jQuery(this).parents(\".pano-wrap\").removeClass(\"show-modal\");\n              });jQuery(document).ready(function($){\n\t\t              jQuery(\"#sccontrols1246\").hide();\n                      jQuery(\"#pano1246 .wpvr_slider_nav\").hide();\n\t\t              jQuery(\".vrgctrl1246\").html('<i class=\"fa fa-angle-up\"><\/i>');\n\t\t          });var slide1246 = \"down\";\n\t\t          jQuery(document).on(\"click\",\"#vrgcontrols1246\",function() {\n\t\t            if (slide1246 == \"up\") {\n\t\t              jQuery(\".vrgctrl1246\").empty();\n\t\t              jQuery(\".vrgctrl1246\").html('<i class=\"fa fa-angle-up\"><\/i>');\n\t\t              slide1246 = \"down\";\n\t\t            }\n\t\t            else {\n\t\t              jQuery(\".vrgctrl1246\").empty();\n\t\t              jQuery(\".vrgctrl1246\").html('<i class=\"fa fa-angle-down\"><\/i>');\n\t\t              slide1246 = \"up\";\n\t\t            }\n                    jQuery(\"#pano1246 .wpvr_slider_nav\").slideToggle(); \n                    jQuery(\"#sccontrols1246\").slideToggle(function(){\n                        if (jQuery(\".elementor-edit-mode .elementor-widget-container\").length) {\n                            if (jQuery(this).is(\":visible\")) {\n                                jQuery(\".elementor-edit-mode  .elementor-widget-container .wpvr-cardboard .pnlm-container #sccontrols1246\").css({\n                                    \"display\": \"flex\",\n                                    \"justify-content\": \"center\",\n                                    \"align-items\": \"center\",\n                                    \"gap\": \"15px\"\n                                });\n                            }\n                        }\n                        if (jQuery(\".bricks-is-frontend\").length) {\n                            if (jQuery(this).is(\":visible\")) {\n                            jQuery(\".bricks-is-frontend .wpvr-cardboard .pnlm-container #sccontrols1246\").css({\n                                    \"display\": \"flex\",\n                                    \"justify-content\": \"center\",\n                                    \"align-items\": \"center\"\n                                });\n                            }\n                        }              \n                    });\n          });jQuery(\".elementor-tab-title\").click(function(){\n                      var element_id;\n                      var pano_id;\n                      var element_id = this.id;\n                      element_id = element_id.split(\"-\");\n                      element_id = element_id[3];\n                      jQuery(\"#elementor-tab-content-\"+element_id).find(\"#master-container\").children(\"div\").eq(1).addClass(\"awwww\");\n                      var pano_id = jQuery(\".awwww\").attr(\"id\");\n                      jQuery(\"#elementor-tab-content-\"+element_id).find(\"#master-container\").children(\"div\").eq(1).removeClass(\"awwww\");;\n                      if (pano_id != undefined) {\n                        pano_id = pano_id.split(\"o\");\n                        pano_id = pano_id[1];\n                        if (pano_id == \"1246\") {\n                          jQuery(\"#pano1246\").children(\".pnlm-render-container\").remove();\n                          jQuery(\"#pano1246\").children(\".pnlm-ui\").remove();\n                          panoshow1246 = pannellum.viewer(response[0][\"panoid\"], scenes);\n                          jQuery(\"#pano1246\").children(\".pnlm-ui\").find(\".pnlm-load-button p\").text(\"Click To Load Panorama\")\n                          setTimeout(function() {\n                                \/\/   panoshow1246.loadScene(\"Platz\");\n                                  window.dispatchEvent(new Event(\"resize\"));\n                                  if (jQuery(\"#pano1246\").children().children(\".pnlm-panorama-info:visible\").length > 0) {\n                                       jQuery(\"#controls1246\").css(\"bottom\", \"55px\");\n                                   } else {\n                                     jQuery(\"#controls1246\").css(\"bottom\", \"5px\");\n                                   }\n                          }, 200);\n                        }\n                      }\n            });jQuery(\".geodir-tab-head dd, #vr-tour-tab\").click(function(){\n              jQuery(\"#pano1246\").children(\".pnlm-render-container\").remove();\n              jQuery(\"#pano1246\").children(\".pnlm-ui\").remove();\n              panoshow1246 = pannellum.viewer(response[0][\"panoid\"], scenes);\n              setTimeout(function() {\n                      panoshow1246.loadScene(\"Platz\");\n                      window.dispatchEvent(new Event(\"resize\"));\n                      if (jQuery(\"#pano1246\").children().children(\".pnlm-panorama-info:visible\").length > 0) {\n                           jQuery(\"#controls1246\").css(\"bottom\", \"55px\");\n                       }\n                       else {\n                         jQuery(\"#controls1246\").css(\"bottom\", \"5px\");\n                       }\n              }, 200);\n            });\n            jQuery(\"#pano1246\").children(\".pnlm-ui\").find(\".pnlm-load-button p\").text(\"Click To Load Panorama\")\n            jQuery(\"#pano1246 .pnlm-title-box\").on(\"mouseenter\", function(){\n                jQuery(this).attr(\"title\", jQuery(this).text());\n            });\n            jQuery(\"#pano1246 .pnlm-title-box\").on(\"mouseleave\", function(){\n                jQuery(this).removeAttr(\"title\");\n            });});})(jQuery);<\/script><\/p>\n<p>&nbsp;<\/p>\n<p><img loading=\"lazy\" decoding=\"async\" class=\"aligncenter wp-image-302\" src=\".\/wp-content\/uploads\/2018\/04\/Snap_Training2017-03-25_2-1024x614.jpg\" alt=\"\" width=\"415\" height=\"249\" srcset=\"http:\/\/www.hundefreunde-erbach.com\/wp-content\/uploads\/2018\/04\/Snap_Training2017-03-25_2-1024x614.jpg 1024w, http:\/\/www.hundefreunde-erbach.com\/wp-content\/uploads\/2018\/04\/Snap_Training2017-03-25_2-300x180.jpg 300w, http:\/\/www.hundefreunde-erbach.com\/wp-content\/uploads\/2018\/04\/Snap_Training2017-03-25_2-768x461.jpg 768w, http:\/\/www.hundefreunde-erbach.com\/wp-content\/uploads\/2018\/04\/Snap_Training2017-03-25_2.jpg 1600w\" sizes=\"auto, (max-width: 415px) 100vw, 415px\" \/><\/p>\n<p style=\"text-align: center;\">Unser Vereinsheim mit dem Trainingsgel\u00e4nde finden Sie im<br \/>\nWestring 90, 64711 Erbach<\/p>\n<p><img loading=\"lazy\" decoding=\"async\" class=\"aligncenter wp-image-132 size-full\" src=\".\/wp-content\/uploads\/2018\/04\/big_45603103_0_415-292.jpg\" alt=\"\" width=\"415\" height=\"292\" srcset=\"http:\/\/www.hundefreunde-erbach.com\/wp-content\/uploads\/2018\/04\/big_45603103_0_415-292.jpg 415w, http:\/\/www.hundefreunde-erbach.com\/wp-content\/uploads\/2018\/04\/big_45603103_0_415-292-300x211.jpg 300w\" sizes=\"auto, (max-width: 415px) 100vw, 415px\" \/><\/p>\n<p>&nbsp;<\/p>\n<p>F\u00fcr alle Nutzer eines Navisystems hier die Koordinaten:<br \/>\n( 49.666087871501084, 8.981819163460614 )<\/p>\n<p><a href=\"https:\/\/www.sparkasse-odenwaldkreis.de\/vereinspartner\" target=\"_blank\" rel=\"noopener noreferrer\"><img class=\"alignright wp-image-133 size-full\" \nsrc=\".\/wp-content\/uploads\/2018\/04\/big_45894928_0_150-173.jpg\" alt=\"\" width=\"150\" height=\"173\" \/><\/a><\/p>\n<p>&nbsp;<\/p>\n<p>&nbsp;<\/p>\n<p>&nbsp;<\/p>\n","protected":false},"excerpt":{"rendered":"<p>Herzlich Willkommen Wir begr\u00fc\u00dfen Sie auf der Internetseite der Hundefreunde Erbach e.V. &nbsp; &nbsp; Unser Vereinsheim mit dem Trainingsgel\u00e4nde finden Sie im Westring 90, 64711 Erbach &nbsp; F\u00fcr alle Nutzer eines Navisystems hier die Koordinaten: ( 49.666087871501084, 8.981819163460614 ) &nbsp; &nbsp; &nbsp;<\/p>\n","protected":false},"author":1,"featured_media":0,"parent":0,"menu_order":0,"comment_status":"closed","ping_status":"closed","template":"","meta":{"_bbp_topic_count":0,"_bbp_reply_count":0,"_bbp_total_topic_count":0,"_bbp_total_reply_count":0,"_bbp_voice_count":0,"_bbp_anonymous_reply_count":0,"_bbp_topic_count_hidden":0,"_bbp_reply_count_hidden":0,"_bbp_forum_subforum_count":0,"footnotes":""},"class_list":["post-130","page","type-page","status-publish","hentry"],"_links":{"self":[{"href":"http:\/\/www.hundefreunde-erbach.com\/index.php?rest_route=\/wp\/v2\/pages\/130","targetHints":{"allow":["GET"]}}],"collection":[{"href":"http:\/\/www.hundefreunde-erbach.com\/index.php?rest_route=\/wp\/v2\/pages"}],"about":[{"href":"http:\/\/www.hundefreunde-erbach.com\/index.php?rest_route=\/wp\/v2\/types\/page"}],"author":[{"embeddable":true,"href":"http:\/\/www.hundefreunde-erbach.com\/index.php?rest_route=\/wp\/v2\/users\/1"}],"replies":[{"embeddable":true,"href":"http:\/\/www.hundefreunde-erbach.com\/index.php?rest_route=%2Fwp%2Fv2%2Fcomments&post=130"}],"version-history":[{"count":27,"href":"http:\/\/www.hundefreunde-erbach.com\/index.php?rest_route=\/wp\/v2\/pages\/130\/revisions"}],"predecessor-version":[{"id":1651,"href":"http:\/\/www.hundefreunde-erbach.com\/index.php?rest_route=\/wp\/v2\/pages\/130\/revisions\/1651"}],"wp:attachment":[{"href":"http:\/\/www.hundefreunde-erbach.com\/index.php?rest_route=%2Fwp%2Fv2%2Fmedia&parent=130"}],"curies":[{"name":"wp","href":"https:\/\/api.w.org\/{rel}","templated":true}]}}