{"id":122,"date":"2018-04-02T16:51:22","date_gmt":"2018-04-02T15:51:22","guid":{"rendered":"http:\/\/neu.hundefreunde-erbach.com\/?page_id=122"},"modified":"2022-05-22T18:37:32","modified_gmt":"2022-05-22T17:37:32","slug":"trainingsinhalte","status":"publish","type":"page","link":"http:\/\/www.hundefreunde-erbach.com\/?page_id=122","title":{"rendered":"Trainingsinhalte"},"content":{"rendered":"<h2>Was ist was<br \/>\n&#8211; und f\u00fcr wen geeignet?<\/h2>\n<h4>Grundgehorsam im Alltag<\/h4>\n<p>Geeignet f\u00fcr Einsteiger und Junghunde. Welpen nach Absprache.<br \/>\nIn dieser Stunde stehen Ihnen je nach Gruppengr\u00f6\u00dfe und anwesenden Hunden 1-3 \u00dcbungsleiter zur Verf\u00fcgung. Die \u00dcbungen finden i.d.R. an der Leine statt.<\/p>\n<p>Hier wird mit einfachen Basis\u00fcbungen begonnen, wie z.B.:<br \/>\n&#8211; ruhiges Warten neben seinem Menschen<br \/>\n&#8211; Begr\u00fc\u00dfungssituationen<br \/>\n&#8211; Aufmerksamkeit des Hundes zu seinem Menschen<br \/>\n&#8211; H\u00f6rzeichen richtig geben (Sitz, Platz)<br \/>\n&#8211; wann und wie richtig belohnen<br \/>\n&#8211; unsere eigene K\u00f6rpersprache entsprechend einsetzen<br \/>\n&#8211; Gehen an lockerer Leine<br \/>\n&#8211; Vorbeigehen an anderen Personen und Hunden<br \/>\n&#8211; Kommen auf Zuruf<br \/>\n&#8211; Abbruchsignal \u201eNein\u201c<br \/>\n&#8211; lockere Gehorsamsspiele<br \/>\n&#8211; kleine Ger\u00e4te\u00fcbungen (z.B. durch Tunnel oder \u00fcber Steg gehen)\u2026<\/p>\n<h4>Unterordnung<\/h4>\n<p>Geeignet f\u00fcr Hunde, die sich trotz Ablenkungen schon gut auf ihre Besitzer konzentrieren k\u00f6nnen und alle, die eine Begleithundpr\u00fcfung anstreben.<br \/>\n\u00dcbungsleiter je nach Gruppengr\u00f6\u00dfe 1-2<\/p>\n<p>Die \u00dcbungen werden anspruchsvoller und gro\u00dfen teils ohne Leine absolviert, z.B.:<br \/>\n&#8211; Sitz, Platz, Fu\u00df nat\u00fcrlich<br \/>\n&#8211; ruhiges Warten unter Ablenkung<br \/>\n&#8211; Abliegen unter Ablenkung (auch mehrerer Hunde gleichzeitig)<br \/>\n&#8211; Abrufen aus unterschiedlichen Distanzen<br \/>\n&#8211; engeres Vorbeigehen an anderen Teams<br \/>\n&#8211; Vorbereitung auf die Begleithundpr\u00fcfung<\/p>\n<h5>Begleithundpr\u00fcfung<\/h5>\n<p>Hier werden Hund und Hundef\u00fchrer auf die offizielle Begleithundpr\u00fcfung (BH-Pr\u00fcfung) oder auf die Team-Test-Pr\u00fcfung vorbereitet.<br \/>\nIm Volksmund wir die BH-Pr\u00fcfung oft auch \u201eHundef\u00fchrerschein\u201c genannt.<br \/>\nMit klarem Ziel vor Augen erfordert dies entsprechendes Engagement von Mensch und Hund.<br \/>\nIn vielen St\u00e4dten und Gemeinden sind Hunde mit bestandener Begleithundepr\u00fcfung beg\u00fcnstigt in der Hundesteuer.<br \/>\nIn Erbach wird bei Vorlage der Pr\u00fcfurkunde die Steuer um 50% erm\u00e4ssigt.<\/p>\n<p>Die Begleithundepr\u00fcfung ist auch die &#8222;Eintrittskarte&#8220; , f\u00fcr Hundeturniere oder Wettk\u00e4mpfe im Hundesport.<\/p>\n<h4>Turnierhundsport (THS)<\/h4>\n<p>THS wird auch Leichtathletik mit Hund genannt. In verschiedenen Disziplinen geht es darum gemeinsam mit dem Hund den vorgegebenen Parcours m\u00f6glichst schnell und Fehlerfrei zu bew\u00e4ltigen. THS ist f\u00fcr alle geeignet, die gerne gemeinsam mit dem Hund sport machen. Dabei spielt es keine Rolle, ob die Ambitionen beim Spa\u00df liegen oder ob eine Meisterschaftsteilnahme angestrebt wird.<\/p>\n<h4>Spiel, Sport und Spa\u00df<\/h4>\n<p>Bei Spiel, Spa\u00df, Sport werden sportliche Trainingsinhalte spielerisch mit viel Spa\u00df und ohne Druck vermittelt.<br \/>\nNeben einzelnen \u00dcbungen wird SHS (Sp\u00fcrhundesport), Longieren und Rallye Obedience angeboten und je nach Wetter und Gruppenwunsch trainiert.<\/p>\n","protected":false},"excerpt":{"rendered":"<p>Was ist was &#8211; und f\u00fcr wen geeignet? Grundgehorsam im Alltag Geeignet f\u00fcr Einsteiger und Junghunde. Welpen nach Absprache. In dieser Stunde stehen Ihnen je nach Gruppengr\u00f6\u00dfe und anwesenden Hunden 1-3 \u00dcbungsleiter zur Verf\u00fcgung. Die \u00dcbungen finden i.d.R. an der Leine statt. Hier wird mit einfachen Basis\u00fcbungen begonnen, wie z.B.: &#8211; ruhiges Warten neben seinem &hellip; <\/p>\n<p class=\"link-more\"><a href=\"http:\/\/www.hundefreunde-erbach.com\/?page_id=122\" class=\"more-link\"><span class=\"screen-reader-text\">\u201eTrainingsinhalte\u201c<\/span> weiterlesen<\/a><\/p>\n","protected":false},"author":1,"featured_media":0,"parent":25,"menu_order":0,"comment_status":"closed","ping_status":"closed","template":"","meta":{"_bbp_topic_count":0,"_bbp_reply_count":0,"_bbp_total_topic_count":0,"_bbp_total_reply_count":0,"_bbp_voice_count":0,"_bbp_anonymous_reply_count":0,"_bbp_topic_count_hidden":0,"_bbp_reply_count_hidden":0,"_bbp_forum_subforum_count":0,"footnotes":""},"class_list":["post-122","page","type-page","status-publish","hentry"],"_links":{"self":[{"href":"http:\/\/www.hundefreunde-erbach.com\/index.php?rest_route=\/wp\/v2\/pages\/122","targetHints":{"allow":["GET"]}}],"collection":[{"href":"http:\/\/www.hundefreunde-erbach.com\/index.php?rest_route=\/wp\/v2\/pages"}],"about":[{"href":"http:\/\/www.hundefreunde-erbach.com\/index.php?rest_route=\/wp\/v2\/types\/page"}],"author":[{"embeddable":true,"href":"http:\/\/www.hundefreunde-erbach.com\/index.php?rest_route=\/wp\/v2\/users\/1"}],"replies":[{"embeddable":true,"href":"http:\/\/www.hundefreunde-erbach.com\/index.php?rest_route=%2Fwp%2Fv2%2Fcomments&post=122"}],"version-history":[{"count":10,"href":"http:\/\/www.hundefreunde-erbach.com\/index.php?rest_route=\/wp\/v2\/pages\/122\/revisions"}],"predecessor-version":[{"id":1410,"href":"http:\/\/www.hundefreunde-erbach.com\/index.php?rest_route=\/wp\/v2\/pages\/122\/revisions\/1410"}],"up":[{"embeddable":true,"href":"http:\/\/www.hundefreunde-erbach.com\/index.php?rest_route=\/wp\/v2\/pages\/25"}],"wp:attachment":[{"href":"http:\/\/www.hundefreunde-erbach.com\/index.php?rest_route=%2Fwp%2Fv2%2Fmedia&parent=122"}],"curies":[{"name":"wp","href":"https:\/\/api.w.org\/{rel}","templated":true}]}}