{"id":111,"date":"2018-04-02T16:22:43","date_gmt":"2018-04-02T15:22:43","guid":{"rendered":"http:\/\/neu.hundefreunde-erbach.com\/?page_id=111"},"modified":"2024-10-31T11:52:55","modified_gmt":"2024-10-31T10:52:55","slug":"impressum","status":"publish","type":"page","link":"http:\/\/www.hundefreunde-erbach.com\/?page_id=111","title":{"rendered":"Impressum"},"content":{"rendered":"<h2>Herausgeber:<\/h2>\n<p>Verein der Hundefreunde Erbach e.V.<br \/>\nSitz:<br \/>\nWestring 90<br \/>\n64711 Erbach<br \/>\ne-mail:\u00a0<a href=\"mailto:Info@hundefreunde-erbach.com\">Info@hundefreunde-erbach.com<\/a><\/p>\n<p>Vertretungsberechtigt:<br \/>\n<a href=\"mailto:1.vorsitzender@hundefreunde-erbach.com\">1. Vorsitzender:<\/a><br \/>\nArmin Grimm<br \/>\nMainring 50<br \/>\n63533 Mainhausen<br \/>\nTel.: 06182-200767<\/p>\n<p><a href=\"mailto:2.vorsitzender@hundefreunde-erbach.com\">2. Vorsitzende:<\/a><br \/>\nTheresa Vogtl\u00e4nder<br \/>\nKohlgrube 9<br \/>\n64720 Michelstadt<\/p>\n<p>Registergericht: Amtsgericht Darmstadt<br \/>\nRegisternummer: VR 70290<\/p>\n<p>Copyright f\u00fcr alle ver\u00f6ffentlichten Text- und Bildbeitr\u00e4ge, die Gestaltung, das Layout und die Webver\u00f6ffentlichung.<br \/>\nVerantwortlich f\u00fcr die Seite ist der Vorstand der Hundefreunde-Erbach e.V.<\/p>\n<h2><b>Urheberrechte:<\/b><\/h2>\n<p style=\"padding-left: 30px;\">Wir weisen darauf hin, dass die Seiteninhalte dieser Homepage und allen Unterseiten urheberrechtlich gesch\u00fctzt sind.\u00a0 Ver\u00f6ffentlichungen oder Ausz\u00fcge hieraus nur mit Genehmigung der Verantwortlichen.<\/p>\n<h2><b>Hinweis zu den Links:<\/b><\/h2>\n<p style=\"padding-left: 30px;\">Mit Urteil vom 12.5.1998 hat das LG Hamburg entschieden, dass durch die Anbringung eines Links, der Betreiber der Seiten die Inhalte der gelinkten Seite ggf. mit zu verantworten hat. Dies k\u00f6nne nur dadurch verhindert werden, indem man sich ausdr\u00fccklich von den Inhalten distanziert.<br \/>\nWir m\u00f6chten demnach hiermit deutlich betonen, dass die Domain hundefreunde-erbach.com keinerlei Einfluss auf die Gestaltung der von ihr gelinkten Seiten hat, keine st\u00e4ndige Kontrolle auf Ver\u00e4nderungen des Inhaltes geben kann, f\u00fcr die Inhalte der angegebenen Seiten nicht verantwortlich ist und sich von diesen auch ausdr\u00fccklich distanziert.<\/p>\n<h2><b>Haftungsbeschr\u00e4nkung:<\/b><\/h2>\n<p style=\"padding-left: 30px;\">Die Inhalte dieser Website werden mit gr\u00f6\u00dftm\u00f6glicher Sorgfalt erstellt. Der Anbieter \u00fcbernimmt jedoch keine Gew\u00e4hr f\u00fcr die Richtigkeit, Vollst\u00e4ndigkeit und Aktualit\u00e4t der bereitgestellten Inhalte. Die Nutzung der Inhalte der Website erfolgt auf eigene Gefahr des Nutzers.<\/p>\n<p style=\"padding-left: 30px;\">Namentlich gekennzeichnete Beitr\u00e4ge geben die Meinung des jeweiligen Autors und nicht immer die Meinung des Anbieters wieder. Mit der reinen Nutzung der Website des Anbieters kommt keinerlei Vertragsverh\u00e4ltnis zwischen dem Nutzer und dem Anbieter zustande.<\/p>\n<hr \/>\n<h2>Datenschutz<\/h2>\n<p style=\"padding-left: 30px;\">Die Betreiber dieser Seiten nehmen den Schutz Ihrer pers\u00f6nlichen Daten sehr ernst. Wir behandeln Ihre personenbezogenen Daten vertraulich und\u00a0 entsprechend der gesetzlichen Datenschutzvorschriften sowie dieser Datenschutzerkl\u00e4rung.<\/p>\n<p style=\"padding-left: 30px;\">Die Nutzung unserer Website ist in der Regel ohne Angabe personenbezogener Daten m\u00f6glich. Soweit auf unseren Seiten personenbezogene Daten (beispielsweise Name, Anschrift oder E-Mail-Adressen) erhoben werden, erfolgt dies, soweit m\u00f6glich, stets auf freiwilliger Basis. Diese Daten werden ohne Ihre ausdr\u00fcckliche Zustimmung nicht an Dritte weitergegeben.<\/p>\n<p style=\"padding-left: 30px;\">Wir weisen darauf hin, dass die Daten\u00fcbertragung im Internet (z.B. bei der Kommunikation per E-Mail) Sicherheitsl\u00fccken aufweisen kann. Ein l\u00fcckenloser Schutz der Daten vor dem Zugriff durch Dritte ist nicht m\u00f6glich.<\/p>\n<h3 style=\"padding-left: 30px;\">Server-Log-Files<\/h3>\n<p style=\"padding-left: 30px;\">Der Provider der Seiten erhebt und speichert automatisch Informationen in so genannten Server-Log Files, die Ihr Browser automatisch an uns \u00fcbermittelt. Dies sind:<br \/>\n.\u00a0 Browsertyp und Browserversion<br \/>\n.\u00a0 verwendetes Betriebssystem<br \/>\n.\u00a0 Referrer URL<br \/>\n.\u00a0 Hostname des zugreifenden Rechners<br \/>\n.\u00a0 Uhrzeit der Serveranfrage<br \/>\nDiese Daten sind nicht bestimmten Personen zuordenbar. Eine Zusammenf\u00fchrung dieser Daten mit anderen Datenquellen wird nicht vorgenommen. Wir behalten uns vor, diese Daten nachtr\u00e4glich zu pr\u00fcfen, wenn uns konkrete Anhaltspunkte f\u00fcr eine rechtswidrige Nutzung bekannt werden.<\/p>\n<h3 style=\"padding-left: 30px;\">Kontaktformular<\/h3>\n<p style=\"padding-left: 30px;\">Wenn Sie uns per Kontaktformular Anfragen<br \/>\nzukommen lassen, werden Ihre Angaben aus dem Anfrageformular inklusive der von Ihnen dort angegebenen Kontaktdaten zwecks Bearbeitung der Anfrage und f\u00fcr den Fall von Anschlussfragen<br \/>\nbei uns gespeichert. Diese Daten geben wir nicht ohne Ihre Einwilligung weiter.<\/p>\n<h3 style=\"padding-left: 30px;\">Newsletterdaten<\/h3>\n<p style=\"padding-left: 30px;\">Wenn Sie den auf der Website angebotenen Newsletter beziehen m\u00f6chten, ben\u00f6tigen wir von Ihnen eine E-Mail-Adresse sowie Informationen, welche uns die \u00dcberpr\u00fcfung gestatten, dass Sie der Inhaber der angegebenen E-Mail-Adresse sind und mit dem Empfang des Newsletters einverstanden sind. Weitere Daten werden nicht erhoben. Diese Daten verwenden wir ausschlie\u00dflich f\u00fcr den Versand der angeforderten Informationen und geben sie nicht an Dritte weiter.<\/p>\n<p style=\"padding-left: 30px;\">Die erteilte Einwilligung zur Speicherung der Daten, der E-Mail-Adresse sowie deren Nutzung zum Versand des Newsletters k\u00f6nnen Sie jederzeit widerrufen, etwa \u00fcber den &#8222;Austragen&#8220;-Link im Newsletter.<\/p>\n<h3 style=\"padding-left: 30px;\">Kommentarfunktion auf dieser Website<\/h3>\n<p style=\"padding-left: 30px;\">F\u00fcr die Kommentarfunktion auf dieser Seite werden neben Ihrem Kommentar auch Angaben zum Zeitpunkt der Erstellung des Kommentars, Ihre E-Mail-Adresse und, wenn Sie nicht anonym posten, der von Ihnen gew\u00e4hlte Nutzername gespeichert.<\/p>\n<h3 style=\"padding-left: 30px;\">Speicherung der IP Adresse<\/h3>\n<p style=\"padding-left: 30px;\">Unsere Kommentarfunktion speichert die IP-Adressen der Nutzer, die Kommentare verfassen. Da wir Kommentare auf unserer Seite nicht vor der Freischaltung pr\u00fcfen, ben\u00f6tigen wir diese Daten, um im Falle von Rechtsverletzungen wie Beleidigungen oder Propaganda gegen den Verfasser vorgehen zu k\u00f6nnen.<\/p>\n<h3 style=\"padding-left: 30px;\">Abonnieren von Kommentaren<\/h3>\n<p style=\"padding-left: 30px;\">Als Nutzer der Seite k\u00f6nnen Sie nach einer Anmeldung Kommentare abonnieren. Sie erhalten eine Best\u00e4tigungsemail, um zu pr\u00fcfen, ob Sie der Inhaber der angegebenen E-Mail-Adresse sind. Sie k\u00f6nnen diese Funktion jederzeit \u00fcber einen Link in den Info-Mails abbestellen.<\/p>\n<h3 style=\"padding-left: 30px;\">SSL-Verschl\u00fcsselung<\/h3>\n<p style=\"padding-left: 30px;\">Diese Seite nutzt aus Gr\u00fcnden der Sicherheit und zum Schutz der \u00dcbertragung vertraulicher Inhalte, wie zum Beispiel der Anfragen, die Sie an uns als Seitenbetreiber senden, eine SSLVerschl\u00fcsselung.\u00a0 Eine verschl\u00fcsselte Verbindung erkennen Sie daran, dass die Adresszeile des Browsers von &#8222;http:\/\/&#8220; auf &#8222;https:\/\/&#8220; wechselt und an dem Schloss-Symbol in Ihrer Browserzeile.<br \/>\nWenn die SSL Verschl\u00fcsselung aktiviert ist, k\u00f6nnen die Daten, die Sie an uns \u00fcbermitteln, nicht von Dritten mitgelesen werden.<\/p>\n<h3 style=\"padding-left: 30px;\">Recht auf Auskunft, L\u00f6schung, Sperrung<\/h3>\n<p style=\"padding-left: 30px;\">Sie haben jederzeit das Recht auf unentgeltliche Auskunft \u00fcber Ihre gespeicherten personenbezogenen Daten, deren Herkunft und Empf\u00e4nger und den Zweck der Datenverarbeitung sowie ein Recht auf Berichtigung, Sperrung oder L\u00f6schung dieser Daten. Hierzu sowie zu weiteren Fragen zum Thema personenbezogene Daten k\u00f6nnen Sie sich jederzeit unter der im Impressum angegebenen Adresse an uns wenden.<\/p>\n<h3 style=\"padding-left: 30px;\">Widerspruch Werbe-Mails<\/h3>\n<p style=\"padding-left: 30px;\">Der Nutzung von im Rahmen der Impressumspflicht ver\u00f6ffentlichten Kontaktdaten zur \u00dcbersendung von nicht ausdr\u00fccklich angeforderter Werbung und Informationsmaterialien wird hiermit widersprochen.<br \/>\nDie Betreiber der Seiten behalten sich ausdr\u00fccklich rechtliche Schritte im Falle der unverlangten Zusendung von Werbeinformationen, etwa durch Spam-E-Mails, vor.<\/p>\n<p>&nbsp;<\/p>\n<pre>Quelle: <a href=\"https:\/\/www.erecht24. de\">https:\/\/www.e-recht24.de<\/a><\/pre>\n<p>&nbsp;<\/p>\n","protected":false},"excerpt":{"rendered":"<p>Herausgeber: Verein der Hundefreunde Erbach e.V. Sitz: Westring 90 64711 Erbach e-mail:\u00a0Info@hundefreunde-erbach.com Vertretungsberechtigt: 1. Vorsitzender: Armin Grimm Mainring 50 63533 Mainhausen Tel.: 06182-200767 2. Vorsitzende: Theresa Vogtl\u00e4nder Kohlgrube 9 64720 Michelstadt Registergericht: Amtsgericht Darmstadt Registernummer: VR 70290 Copyright f\u00fcr alle ver\u00f6ffentlichten Text- und Bildbeitr\u00e4ge, die Gestaltung, das Layout und die Webver\u00f6ffentlichung. Verantwortlich f\u00fcr die Seite &hellip; <\/p>\n<p class=\"link-more\"><a href=\"http:\/\/www.hundefreunde-erbach.com\/?page_id=111\" class=\"more-link\"><span class=\"screen-reader-text\">\u201eImpressum\u201c<\/span> weiterlesen<\/a><\/p>\n","protected":false},"author":1,"featured_media":0,"parent":48,"menu_order":0,"comment_status":"closed","ping_status":"closed","template":"","meta":{"_bbp_topic_count":0,"_bbp_reply_count":0,"_bbp_total_topic_count":0,"_bbp_total_reply_count":0,"_bbp_voice_count":0,"_bbp_anonymous_reply_count":0,"_bbp_topic_count_hidden":0,"_bbp_reply_count_hidden":0,"_bbp_forum_subforum_count":0,"footnotes":""},"class_list":["post-111","page","type-page","status-publish","hentry"],"_links":{"self":[{"href":"http:\/\/www.hundefreunde-erbach.com\/index.php?rest_route=\/wp\/v2\/pages\/111","targetHints":{"allow":["GET"]}}],"collection":[{"href":"http:\/\/www.hundefreunde-erbach.com\/index.php?rest_route=\/wp\/v2\/pages"}],"about":[{"href":"http:\/\/www.hundefreunde-erbach.com\/index.php?rest_route=\/wp\/v2\/types\/page"}],"author":[{"embeddable":true,"href":"http:\/\/www.hundefreunde-erbach.com\/index.php?rest_route=\/wp\/v2\/users\/1"}],"replies":[{"embeddable":true,"href":"http:\/\/www.hundefreunde-erbach.com\/index.php?rest_route=%2Fwp%2Fv2%2Fcomments&post=111"}],"version-history":[{"count":14,"href":"http:\/\/www.hundefreunde-erbach.com\/index.php?rest_route=\/wp\/v2\/pages\/111\/revisions"}],"predecessor-version":[{"id":1621,"href":"http:\/\/www.hundefreunde-erbach.com\/index.php?rest_route=\/wp\/v2\/pages\/111\/revisions\/1621"}],"up":[{"embeddable":true,"href":"http:\/\/www.hundefreunde-erbach.com\/index.php?rest_route=\/wp\/v2\/pages\/48"}],"wp:attachment":[{"href":"http:\/\/www.hundefreunde-erbach.com\/index.php?rest_route=%2Fwp%2Fv2%2Fmedia&parent=111"}],"curies":[{"name":"wp","href":"https:\/\/api.w.org\/{rel}","templated":true}]}}